{"id":255645,"date":"2021-10-25T10:33:35","date_gmt":"2021-10-25T10:33:35","guid":{"rendered":"https:\/\/eventi.uniurb.it\/urbinate-per-sempre\/?page_id=255645"},"modified":"2021-10-25T10:33:48","modified_gmt":"2021-10-25T10:33:48","slug":"dove-vive-urbino-1960-letto-da-roberto-m-danese","status":"publish","type":"page","link":"https:\/\/eventi.uniurb.it\/urbinate-per-sempre\/home\/dove-vive-urbino-1960-letto-da-roberto-m-danese\/","title":{"rendered":"Dove vive Urbino [1960] letto da Roberto M. Danese"},"content":{"rendered":"<p>[et_pb_section fb_built=&#8221;1&#8243; _builder_version=&#8221;4.7.2&#8243; _module_preset=&#8221;default&#8221; background_color=&#8221;#000000&#8243; background_enable_image=&#8221;off&#8221; custom_padding=&#8221;||30px||false|false&#8221;][et_pb_row column_structure=&#8221;1_4,1_2,1_4&#8243; _builder_version=&#8221;4.7.2&#8243; _module_preset=&#8221;default&#8221; custom_padding=&#8221;64px|||||&#8221;][et_pb_column type=&#8221;1_4&#8243; _builder_version=&#8221;4.7.2&#8243; _module_preset=&#8221;default&#8221;][\/et_pb_column][et_pb_column type=&#8221;1_2&#8243; _builder_version=&#8221;4.7.2&#8243; _module_preset=&#8221;default&#8221;][et_pb_text _builder_version=&#8221;4.9.7&#8243; _module_preset=&#8221;default&#8221; text_text_color=&#8221;#da3b26&#8243; header_text_color=&#8221;#ffffff&#8221; text_orientation=&#8221;center&#8221; module_alignment=&#8221;center&#8221;]<\/p>\n<h1 style=\"text-align: left;\">Dove vive Urbino [1960] letto da Roberto Danese<\/h1>\n<h2 style=\"text-align: left;\"><span style=\"color: #da3b26;\"><span style=\"caret-color: #da3b26;\">L&#8217;Ateneo ricorda Carlo Bo\u00a0nell&#8217;anno ventennale della sua scomparsa.<\/span><\/span><\/h2>\n<p>[\/et_pb_text][et_pb_video src=&#8221;https:\/\/www.youtube.com\/watch?v=m7CYJKn7IMI&#8221; thumbnail_overlay_color=&#8221;rgba(0,0,0,0.6)&#8221; _builder_version=&#8221;4.9.7&#8243; _module_preset=&#8221;default&#8221;][\/et_pb_video][et_pb_text _builder_version=&#8221;4.9.7&#8243; _module_preset=&#8221;default&#8221; text_text_color=&#8221;#ffffff&#8221; text_font_size=&#8221;18px&#8221;]<\/p>\n<p>Dov\u2019\u00e8 Urbino? Com\u2019\u00e8 veramente questa citt\u00e0 che affida la sua memoria soprattutto a poche nozioni di storia e di arte? Se provate a rivolgere queste domande agli italiani, non avrete che delle risposte vaghe, imprecise: tutt\u2019al pi\u00f9, una confessione di ignoranza mista a un timido desiderio di correggere le scarse e imprecise notizie.<\/p>\n<p>Eppure Urbino \u00e8 una delle citt\u00e0, una delle terre pi\u00f9 belle d\u2019Italia: in certi momenti, un paese miracoloso per l\u2019equilibrio del disegno, per la perfezione delle luci, insomma per una stupenda disposizione naturale. Non basta esserci stati poche ore o, magari, un\u2019ora soltanto, per visitare il Palazzo Ducale: no, bisogna lasciarsi prendere da un tempo pi\u00f9 largo, toccare da una stagione. Basta, per esempio, la luce di certe giornate di gennaio, il grigio di certi inverni per sentire di essere davvero al centro, all\u2019origine stessa dell\u2019Italia.<\/p>\n<p>Ma lasciamo il giuoco di queste impressioni che appartengono, del resto, a una larga famiglia di \u00abfedeli\u00bb, soprattutto stranieri: riportiamoci alla linea del sogno e della memoria al limite della realt\u00e0, chiediamoci: come vive Urbino, di che cosa vive?<\/p>\n<p>Vive male, forse non \u00e8 neppure necessario ripeterlo. \u00c8 una citt\u00e0 sperduta, fuori dalle grandi linee di comunicazione. Chi ha bisogno di Urbino? Della sua povera agricoltura di mezza montagna, non \u00e8 il caso di parlarne. Le industrie mancano: soffre, come tutte le citt\u00e0 interne delle Marche, della facile concorrenza dei paesi che si trovano sulla costa, sulle grandi strade servite dalla ferrovia. Per questo, a poco a poco, l\u2019idea stessa della citt\u00e0 si \u00e8 venuta identificando con quella dell\u2019Universit\u00e0. L\u2019Universit\u00e0 libera di Urbino ha ritrovato, dopo stagioni di crisi e di incertezze, la strada della ripresa. In una terra che tende a perdersi nel sonno e nell\u2019oblio, l\u2019Universit\u00e0 sembra essere l\u2019unica istituzione capace di restituire un senso di vita, una forza, un desiderio di continuare su una nuova strada la vecchia tradizione gloriosa.<\/p>\n<p>La salvezza sta, dunque, per Urbino nel potenziamento della sua massima istituzione culturale. Bisogna essere convinti di questa verit\u00e0 e non solo per il futuro della citt\u00e0 ma anche per le sorti dei nostri studi superiori. L\u2019universit\u00e0 pu\u00f2 infatti trarre da quelle che normalmente sono condizioni negative \u2013 la solitudine, la posizione appartata, la vita che ancora rispecchia delle norme di eccessiva tranquillit\u00e0, ecc. \u2013 ragioni di impulso. Si pu\u00f2, anzi si deve pensare che una citt\u00e0 come Urbino si presti perfettamente a diventare una citt\u00e0 di studi, una citt\u00e0 per studenti dove i facili contatti fra professori e studenti, dove una vita fatta veramente in comune, nel senso di un dialogo costante, possano imprimere un carattere unico, irripetibile altrove. Naturalmente non bastano queste condizioni particolari, queste premesse: occorrono mezzi, occorrono aiuti e il fatto che l\u2019Universit\u00e0 sia libera non favorisce certo un piano di lavori del genere.<\/p>\n<p>\u00c8 vero che negli ultimi tempi chi si preoccupa delle sorti dell\u2019istruzione superiore \u2013 soprattutto l\u2019attuale Ministro della Pubblica Istruzione, il senatore Giuseppe Medici \u2013 ha inteso nell\u2019esatta misura il problema di Urbino-Universit\u00e0 e non ha mancato di dare degli aiuti concreti. Baster\u00e0 ricordare il pi\u00f9 importante di tutti, vale a dire il finanziamento per la costruzione di un primo Collegio Universitario maschile, a cui dovrebbe seguire presto quello per un Collegio femminile. \u00c8 qualcosa di pi\u00f9 importante di un semplice e generoso riconoscimento, \u00e8 la dimostrazione che si \u00e8 valutato finalmente la natura del problema delle Universit\u00e0 poste in piccoli centri e si \u00e8 cercato di risolvere in modo diretto la questione particolare di Urbino.<\/p>\n<p>Il provvedimento viene a coronare in un certo modo le aspirazioni e le ambizioni di tutti i professori che da anni \u2013 nonostante grosse difficolt\u00e0 di carattere finanziario \u2013 hanno nutrito e i lavori di rinnovamento che allo scopo si sono fatti nel palazzo centrale dell\u2019Universit\u00e0.<\/p>\n<p>Chi entri oggi nella nostra sede non riuscir\u00e0 a riconoscere nulla della vecchia sistemazione, della povert\u00e0 degli impianti, della miseria dei servizi. Ci\u00f2 che \u00e8 stato fatto sotto la guida dell\u2019architetto Giancarlo De Carlo \u00e8 il primo grande passo sulla strada di un rinnovamento concreto e di una modernizzazione funzionale. Oggi l\u2019Universit\u00e0 di Urbino \u00e8 in grado di rispondere alle richieste e alle esigenze di una numerosa popolazione scolastica, cos\u00ec come la sua sede rappresenta un esempio di sapienza architettonica e di intelligenza artistica.<\/p>\n<p>Come vive Urbino? Vive di questo polmone, si nutre della sua Universit\u00e0. Basta questo per ricordare atutti gli italiani il caso di un\u2019istituzione culturale estremamente felice, in cui confluiscono senza contrasti e senza discordie, gli interessi della vita pratica e le ragioni di quella intellettuale. Un caso unico, speriamo che riesca a vincere il tempo, a durare, a consolidarsi.<\/p>\n<p>[\/et_pb_text][et_pb_text _builder_version=&#8221;4.9.7&#8243; _module_preset=&#8221;default&#8221;]<span style=\"color: #ffffff;\">[Il testo che qui si presenta, e che compone un dittico di splendido rispecchiamento con un complementare articolo di Giancarlo De Carlo: L\u2019Universit\u00e0 di Urbino, \u00e8 stato pubblicato nella sola sede della rivista \u201cDomus\u201d n. 3\/marzo 1960. Per il suo carattere di vera rarit\u00e0, e per l\u2019intensit\u00e0 emotiva e la valenza politica che assume nel progetto di ricostruzione ed espansione dell\u2019Ateneo urbinate, si \u00e8 pensato di esporlo con rilievo nella mostra dedicata al ventennale della morte di Carlo Bo (dal 14 ottobre aperta a  Palazzo Passionei) in una copia originale della rivista, che si presenta anche corredata dalle  immagini del restauro di Palazzo Bonaventura, il primo intervento voluto da Bo sugli edifici storici dell\u2019Universit\u00e0, quasi contemporaneamente all\u2019edificazione di una prima tranche dei collegi universitari, oltre le mura. Per la sua rarit\u00e0, e per il valore simbolico ancora oggi attualissimo, il testo viene qui interpretato da Roberto Danese, ricordando la terra di Liguria, ovvero l\u2019origine, che condivide con Bo.]<\/span><\/p>\n<p><span style=\"color: #ffffff;\">Voce: <strong>Roberto M. Danese &#8211;\u00a0<\/strong>Fotografia: <strong>Bob Krieger<\/strong><\/span>[\/et_pb_text][\/et_pb_column][et_pb_column type=&#8221;1_4&#8243; _builder_version=&#8221;4.7.2&#8243; _module_preset=&#8221;default&#8221;][\/et_pb_column][\/et_pb_row][\/et_pb_section]<\/p>\n","protected":false},"excerpt":{"rendered":"<p>Il testo che qui si presenta, e che compone un dittico di splendido rispecchiamento con un complementare articolo di Giancarlo De Carlo: L\u2019Universit\u00e0 di Urbino, \u00e8 stato pubblicato nella sola sede della rivista \u201cDomus\u201d n. 3\/marzo 1960. Per il suo carattere di vera rarit\u00e0, e per l\u2019intensit\u00e0 emotiva e la valenza politica che assume nel progetto di ricostruzione ed espansione dell\u2019Ateneo urbinate, si \u00e8 pensato di esporlo con rilievo nella mostra dedicata al ventennale della morte di Carlo Bo (dal 14 ottobre aperta a  Palazzo Passionei) in una copia originale della rivista, che si presenta anche corredata dalle  immagini del restauro di Palazzo Bonaventura, il primo intervento voluto da Bo sugli edifici storici dell\u2019Universit\u00e0, quasi contemporaneamente all\u2019edificazione di una prima tranche dei collegi universitari, oltre le mura. Per la sua rarit\u00e0, e per il valore simbolico ancora oggi attualissimo, il testo viene qui interpretato da Roberto Danese, ricordando la terra di Liguria, ovvero l\u2019origine, che condivide con Bo.<\/p>\n","protected":false},"author":1,"featured_media":255648,"parent":8,"menu_order":0,"comment_status":"closed","ping_status":"closed","template":"","meta":{"_et_pb_use_builder":"on","_et_pb_old_content":"","_et_gb_content_width":"","footnotes":""},"class_list":["post-255645","page","type-page","status-publish","has-post-thumbnail","hentry"],"yoast_head":"<!-- This site is optimized with the Yoast SEO plugin v20.12 - https:\/\/yoast.com\/wordpress\/plugins\/seo\/ -->\n<title>Dove vive Urbino [1960] letto da Roberto M. Danese - Urbinate per sempre<\/title>\n<meta name=\"robots\" content=\"index, follow, max-snippet:-1, max-image-preview:large, max-video-preview:-1\" \/>\n<link rel=\"canonical\" href=\"https:\/\/eventi.uniurb.it\/urbinate-per-sempre\/home\/dove-vive-urbino-1960-letto-da-roberto-m-danese\/\" \/>\n<meta property=\"og:locale\" content=\"it_IT\" \/>\n<meta property=\"og:type\" content=\"article\" \/>\n<meta property=\"og:title\" content=\"Dove vive Urbino [1960] letto da Roberto M. Danese - Urbinate per sempre\" \/>\n<meta property=\"og:description\" content=\"Il testo che qui si presenta, e che compone un dittico di splendido rispecchiamento con un complementare articolo di Giancarlo De Carlo: L\u2019Universit\u00e0 di Urbino, \u00e8 stato pubblicato nella sola sede della rivista \u201cDomus\u201d n. 3\/marzo 1960. Per il suo carattere di vera rarit\u00e0, e per l\u2019intensit\u00e0 emotiva e la valenza politica che assume nel progetto di ricostruzione ed espansione dell\u2019Ateneo urbinate, si \u00e8 pensato di esporlo con rilievo nella mostra dedicata al ventennale della morte di Carlo Bo (dal 14 ottobre aperta a Palazzo Passionei) in una copia originale della rivista, che si presenta anche corredata dalle immagini del restauro di Palazzo Bonaventura, il primo intervento voluto da Bo sugli edifici storici dell\u2019Universit\u00e0, quasi contemporaneamente all\u2019edificazione di una prima tranche dei collegi universitari, oltre le mura. Per la sua rarit\u00e0, e per il valore simbolico ancora oggi attualissimo, il testo viene qui interpretato da Roberto Danese, ricordando la terra di Liguria, ovvero l\u2019origine, che condivide con Bo.\" \/>\n<meta property=\"og:url\" content=\"https:\/\/eventi.uniurb.it\/urbinate-per-sempre\/home\/dove-vive-urbino-1960-letto-da-roberto-m-danese\/\" \/>\n<meta property=\"og:site_name\" content=\"Urbinate per sempre\" \/>\n<meta property=\"article:modified_time\" content=\"2021-10-25T10:33:48+00:00\" \/>\n<meta property=\"og:image\" content=\"https:\/\/eventi.uniurb.it\/urbinate-per-sempre\/wp-content\/uploads\/2021\/10\/urbinate-per-sempre.021.png\" \/>\n\t<meta property=\"og:image:width\" content=\"1920\" \/>\n\t<meta property=\"og:image:height\" content=\"1080\" \/>\n\t<meta property=\"og:image:type\" content=\"image\/png\" \/>\n<meta name=\"twitter:card\" content=\"summary_large_image\" \/>\n<meta name=\"twitter:label1\" content=\"Tempo di lettura stimato\" \/>\n\t<meta name=\"twitter:data1\" content=\"6 minuti\" \/>\n<script type=\"application\/ld+json\" class=\"yoast-schema-graph\">{\"@context\":\"https:\/\/schema.org\",\"@graph\":[{\"@type\":\"WebPage\",\"@id\":\"https:\/\/eventi.uniurb.it\/urbinate-per-sempre\/home\/dove-vive-urbino-1960-letto-da-roberto-m-danese\/\",\"url\":\"https:\/\/eventi.uniurb.it\/urbinate-per-sempre\/home\/dove-vive-urbino-1960-letto-da-roberto-m-danese\/\",\"name\":\"Dove vive Urbino [1960] letto da Roberto M. Danese - Urbinate per sempre\",\"isPartOf\":{\"@id\":\"https:\/\/eventi.uniurb.it\/urbinate-per-sempre\/#website\"},\"datePublished\":\"2021-10-25T10:33:35+00:00\",\"dateModified\":\"2021-10-25T10:33:48+00:00\",\"breadcrumb\":{\"@id\":\"https:\/\/eventi.uniurb.it\/urbinate-per-sempre\/home\/dove-vive-urbino-1960-letto-da-roberto-m-danese\/#breadcrumb\"},\"inLanguage\":\"it-IT\",\"potentialAction\":[{\"@type\":\"ReadAction\",\"target\":[\"https:\/\/eventi.uniurb.it\/urbinate-per-sempre\/home\/dove-vive-urbino-1960-letto-da-roberto-m-danese\/\"]}]},{\"@type\":\"BreadcrumbList\",\"@id\":\"https:\/\/eventi.uniurb.it\/urbinate-per-sempre\/home\/dove-vive-urbino-1960-letto-da-roberto-m-danese\/#breadcrumb\",\"itemListElement\":[{\"@type\":\"ListItem\",\"position\":1,\"name\":\"Home\",\"item\":\"https:\/\/eventi.uniurb.it\/urbinate-per-sempre\/\"},{\"@type\":\"ListItem\",\"position\":2,\"name\":\"Home\",\"item\":\"https:\/\/eventi.uniurb.it\/urbinate-per-sempre\/\"},{\"@type\":\"ListItem\",\"position\":3,\"name\":\"Dove vive Urbino [1960] letto da Roberto M. Danese\"}]},{\"@type\":\"WebSite\",\"@id\":\"https:\/\/eventi.uniurb.it\/urbinate-per-sempre\/#website\",\"url\":\"https:\/\/eventi.uniurb.it\/urbinate-per-sempre\/\",\"name\":\"Urbinate per sempre\",\"description\":\"Ideato e curato da Tiziana Mattioli, il progetto \u00e8 dedicato a Vilberto Stocchi che, da un lontano progetto condiviso con Giovanni Bogliolo, ne ha consentito ora la realizzazione, pur in tempi difficili.\",\"potentialAction\":[{\"@type\":\"SearchAction\",\"target\":{\"@type\":\"EntryPoint\",\"urlTemplate\":\"https:\/\/eventi.uniurb.it\/urbinate-per-sempre\/?s={search_term_string}\"},\"query-input\":\"required name=search_term_string\"}],\"inLanguage\":\"it-IT\"}]}<\/script>\n<!-- \/ Yoast SEO plugin. -->","yoast_head_json":{"title":"Dove vive Urbino [1960] letto da Roberto M. Danese - Urbinate per sempre","robots":{"index":"index","follow":"follow","max-snippet":"max-snippet:-1","max-image-preview":"max-image-preview:large","max-video-preview":"max-video-preview:-1"},"canonical":"https:\/\/eventi.uniurb.it\/urbinate-per-sempre\/home\/dove-vive-urbino-1960-letto-da-roberto-m-danese\/","og_locale":"it_IT","og_type":"article","og_title":"Dove vive Urbino [1960] letto da Roberto M. Danese - Urbinate per sempre","og_description":"Il testo che qui si presenta, e che compone un dittico di splendido rispecchiamento con un complementare articolo di Giancarlo De Carlo: L\u2019Universit\u00e0 di Urbino, \u00e8 stato pubblicato nella sola sede della rivista \u201cDomus\u201d n. 3\/marzo 1960. Per il suo carattere di vera rarit\u00e0, e per l\u2019intensit\u00e0 emotiva e la valenza politica che assume nel progetto di ricostruzione ed espansione dell\u2019Ateneo urbinate, si \u00e8 pensato di esporlo con rilievo nella mostra dedicata al ventennale della morte di Carlo Bo (dal 14 ottobre aperta a Palazzo Passionei) in una copia originale della rivista, che si presenta anche corredata dalle immagini del restauro di Palazzo Bonaventura, il primo intervento voluto da Bo sugli edifici storici dell\u2019Universit\u00e0, quasi contemporaneamente all\u2019edificazione di una prima tranche dei collegi universitari, oltre le mura. Per la sua rarit\u00e0, e per il valore simbolico ancora oggi attualissimo, il testo viene qui interpretato da Roberto Danese, ricordando la terra di Liguria, ovvero l\u2019origine, che condivide con Bo.","og_url":"https:\/\/eventi.uniurb.it\/urbinate-per-sempre\/home\/dove-vive-urbino-1960-letto-da-roberto-m-danese\/","og_site_name":"Urbinate per sempre","article_modified_time":"2021-10-25T10:33:48+00:00","og_image":[{"width":1920,"height":1080,"url":"https:\/\/eventi.uniurb.it\/urbinate-per-sempre\/wp-content\/uploads\/2021\/10\/urbinate-per-sempre.021.png","type":"image\/png"}],"twitter_card":"summary_large_image","twitter_misc":{"Tempo di lettura stimato":"6 minuti"},"schema":{"@context":"https:\/\/schema.org","@graph":[{"@type":"WebPage","@id":"https:\/\/eventi.uniurb.it\/urbinate-per-sempre\/home\/dove-vive-urbino-1960-letto-da-roberto-m-danese\/","url":"https:\/\/eventi.uniurb.it\/urbinate-per-sempre\/home\/dove-vive-urbino-1960-letto-da-roberto-m-danese\/","name":"Dove vive Urbino [1960] letto da Roberto M. Danese - Urbinate per sempre","isPartOf":{"@id":"https:\/\/eventi.uniurb.it\/urbinate-per-sempre\/#website"},"datePublished":"2021-10-25T10:33:35+00:00","dateModified":"2021-10-25T10:33:48+00:00","breadcrumb":{"@id":"https:\/\/eventi.uniurb.it\/urbinate-per-sempre\/home\/dove-vive-urbino-1960-letto-da-roberto-m-danese\/#breadcrumb"},"inLanguage":"it-IT","potentialAction":[{"@type":"ReadAction","target":["https:\/\/eventi.uniurb.it\/urbinate-per-sempre\/home\/dove-vive-urbino-1960-letto-da-roberto-m-danese\/"]}]},{"@type":"BreadcrumbList","@id":"https:\/\/eventi.uniurb.it\/urbinate-per-sempre\/home\/dove-vive-urbino-1960-letto-da-roberto-m-danese\/#breadcrumb","itemListElement":[{"@type":"ListItem","position":1,"name":"Home","item":"https:\/\/eventi.uniurb.it\/urbinate-per-sempre\/"},{"@type":"ListItem","position":2,"name":"Home","item":"https:\/\/eventi.uniurb.it\/urbinate-per-sempre\/"},{"@type":"ListItem","position":3,"name":"Dove vive Urbino [1960] letto da Roberto M. Danese"}]},{"@type":"WebSite","@id":"https:\/\/eventi.uniurb.it\/urbinate-per-sempre\/#website","url":"https:\/\/eventi.uniurb.it\/urbinate-per-sempre\/","name":"Urbinate per sempre","description":"Ideato e curato da Tiziana Mattioli, il progetto \u00e8 dedicato a Vilberto Stocchi che, da un lontano progetto condiviso con Giovanni Bogliolo, ne ha consentito ora la realizzazione, pur in tempi difficili.","potentialAction":[{"@type":"SearchAction","target":{"@type":"EntryPoint","urlTemplate":"https:\/\/eventi.uniurb.it\/urbinate-per-sempre\/?s={search_term_string}"},"query-input":"required name=search_term_string"}],"inLanguage":"it-IT"}]}},"_links":{"self":[{"href":"https:\/\/eventi.uniurb.it\/urbinate-per-sempre\/wp-json\/wp\/v2\/pages\/255645","targetHints":{"allow":["GET"]}}],"collection":[{"href":"https:\/\/eventi.uniurb.it\/urbinate-per-sempre\/wp-json\/wp\/v2\/pages"}],"about":[{"href":"https:\/\/eventi.uniurb.it\/urbinate-per-sempre\/wp-json\/wp\/v2\/types\/page"}],"author":[{"embeddable":true,"href":"https:\/\/eventi.uniurb.it\/urbinate-per-sempre\/wp-json\/wp\/v2\/users\/1"}],"replies":[{"embeddable":true,"href":"https:\/\/eventi.uniurb.it\/urbinate-per-sempre\/wp-json\/wp\/v2\/comments?post=255645"}],"version-history":[{"count":6,"href":"https:\/\/eventi.uniurb.it\/urbinate-per-sempre\/wp-json\/wp\/v2\/pages\/255645\/revisions"}],"predecessor-version":[{"id":255657,"href":"https:\/\/eventi.uniurb.it\/urbinate-per-sempre\/wp-json\/wp\/v2\/pages\/255645\/revisions\/255657"}],"up":[{"embeddable":true,"href":"https:\/\/eventi.uniurb.it\/urbinate-per-sempre\/wp-json\/wp\/v2\/pages\/8"}],"wp:featuredmedia":[{"embeddable":true,"href":"https:\/\/eventi.uniurb.it\/urbinate-per-sempre\/wp-json\/wp\/v2\/media\/255648"}],"wp:attachment":[{"href":"https:\/\/eventi.uniurb.it\/urbinate-per-sempre\/wp-json\/wp\/v2\/media?parent=255645"}],"curies":[{"name":"wp","href":"https:\/\/api.w.org\/{rel}","templated":true}]}}