{"id":255601,"date":"2021-08-25T08:48:59","date_gmt":"2021-08-25T08:48:59","guid":{"rendered":"https:\/\/eventi.uniurb.it\/urbinate-per-sempre\/?page_id=255601"},"modified":"2021-08-25T08:50:37","modified_gmt":"2021-08-25T08:50:37","slug":"una-citta-che-non-deve-morire-1965-letto-da-michele-pagliaroni","status":"publish","type":"page","link":"https:\/\/eventi.uniurb.it\/urbinate-per-sempre\/home\/una-citta-che-non-deve-morire-1965-letto-da-michele-pagliaroni\/","title":{"rendered":"Una citt\u00e0 che non deve morire [1965] letto da Michele Pagliaroni"},"content":{"rendered":"<p>[et_pb_section fb_built=&#8221;1&#8243; _builder_version=&#8221;4.7.2&#8243; _module_preset=&#8221;default&#8221; background_color=&#8221;#000000&#8243; background_enable_image=&#8221;off&#8221; custom_padding=&#8221;||30px||false|false&#8221;][et_pb_row column_structure=&#8221;1_4,1_2,1_4&#8243; _builder_version=&#8221;4.7.2&#8243; _module_preset=&#8221;default&#8221; custom_padding=&#8221;64px|||||&#8221;][et_pb_column type=&#8221;1_4&#8243; _builder_version=&#8221;4.7.2&#8243; _module_preset=&#8221;default&#8221;][\/et_pb_column][et_pb_column type=&#8221;1_2&#8243; _builder_version=&#8221;4.7.2&#8243; _module_preset=&#8221;default&#8221;][et_pb_text _builder_version=&#8221;4.9.7&#8243; _module_preset=&#8221;default&#8221; text_text_color=&#8221;#da3b26&#8243; header_text_color=&#8221;#ffffff&#8221; text_orientation=&#8221;center&#8221; module_alignment=&#8221;center&#8221;]<\/p>\n<h1 style=\"text-align: left;\">Una citt\u00e0 che non deve morire [1965] letto da Michele Pagliaroni<\/h1>\n<h2 style=\"text-align: left;\"><span style=\"color: #da3b26;\"><span style=\"caret-color: #da3b26;\">L&#8217;Ateneo ricorda Carlo Bo\u00a0nell&#8217;anno ventennale della sua scomparsa.<\/span><\/span><\/h2>\n<p>[\/et_pb_text][et_pb_video src=&#8221;https:\/\/www.youtube.com\/watch?v=FrrvvsT7frk&#8221; thumbnail_overlay_color=&#8221;rgba(0,0,0,0.6)&#8221; _builder_version=&#8221;4.9.7&#8243; _module_preset=&#8221;default&#8221;][\/et_pb_video][et_pb_text _builder_version=&#8221;4.9.7&#8243; _module_preset=&#8221;default&#8221; text_text_color=&#8221;#ffffff&#8221; text_font_size=&#8221;18px&#8221;]<\/p>\n<div>\n<p><span>Siete mai stati a Urbino? \u00c8 una domanda che presuppone una risposta negativa. E non mancano le scuse: Urbino \u00e8 fuori mano, Urbino \u00e8 isolata, \u00e8 un nome. Urbino continua a rimanere una citt\u00e0 morta. Lo \u00e8 soprattutto per gli italiani, per chi invece dovrebbe costituire una ragione orgogliosa e un tema di ritorno, un tema eterno. Infatti, insieme a poche altre citt\u00e0 italiane, Urbino \u00e8 una citt\u00e0 dell\u2019anima.<\/span><span><o:p><\/o:p><\/span><\/p>\n<p><span><\/span><\/p>\n<\/div>\n<div>\n<p><span>Ma il libro delle proteste non deve essere chiuso a questo punto. Oggi si deve parlare anche delle conseguenze di questo stato di cose, perch\u00e9 Urbino sta conoscendo una seconda morte.<\/span><span><o:p><\/o:p><\/span><\/p>\n<\/div>\n<div>\n<p><span><\/span><\/p>\n<p><span>Urbino crolla, Urbino cade in rovina. Si tratta di un patrimonio ingente che per inerzia o per distrazione si lascia deperire, fino al punto di doverne prevedere a breve scadenza una serie di danni irreparabili.<\/span><span><o:p><\/o:p><\/span><\/p>\n<p><span><\/span><\/p>\n<\/div>\n<div>\n<p><span>La citt\u00e0 ha reagito, una legge speciale \u00e8 stata preannunciata, qualche lavoro intorno alle mura sotto il Palazzo Ducale \u00e8 stato anche iniziato, ma sono palliativi trascurabili in confronto di quello che resta da fare con urgenza e su basi molto pi\u00f9 vaste. Chiese, palazzi, lo stesso miracolo del Palazzo Ducale sono minacciati: \u00e8 un elenco lungo e doloroso che si \u00e8 depositato nei secoli e che oggi reclama a gran voce un intervento decisivo.<\/span><span><o:p><\/o:p><\/span><\/p>\n<\/div>\n<div><\/div>\n<div>\n<p><span>Naturalmente non bastano delle opere parziali, non basta recintare le chiese pericolanti: Urbino per la sua storia e per la sua straordinaria bellezza esige che il suo problema sia affrontato in modo globale. Non basta arrestare il movimento di corruzione aperta, non basta nascondere o velare i segni della sua rovina, bisogna trovare, nell\u2019ambito di una opera intesa a interrompere questa corsa verso la polvere, verso i ruderi, le ragioni di una ripresa, di una vera e propria rinascita.<\/span><span><o:p><\/o:p><\/span><\/p>\n<\/div>\n<div>\n<p><span>Sembra quasi, anzi \u00e8 una ironia che tanto patrimonio, cos\u00ec prezioso per la storia dell\u2019uomo, sia affidato alle mani, anche se eccezionalmente esperte, di un solo scalpellino. Gli occorrerebbe un secolo di lavoro ininterrotto per sfiorare appena le opere pi\u00f9 urgenti.<\/span><span><o:p><\/o:p><\/span><\/p>\n<p><span><\/span><\/p>\n<\/div>\n<div>\n<p><span>Di che cosa vive Urbino, che cosa \u2013 meglio \u2013 oggi le permette di non morire anche sul piano economico? Non gi\u00e0 l\u2019agricoltura che qui \u00e8 sempre stata povera e oggi attraversa una crisi di carattere generale in condizioni di netta inferiorit\u00e0. Le campagne si spopolano, famiglie che occupavano da secoli i poderi fuggono verso il mare, in cerca di un minimo di benessere e per rompere le catene di una durissima fatica. Urbino ha come uniche sue possibilit\u00e0 di salvezza, come elementi attivi per sopravvivere, l\u2019arrivo degli studenti e il passaggio dei turisti.<\/span><span><o:p><\/o:p><\/span><\/p>\n<p><span><\/span><\/p>\n<\/div>\n<div>\n<p><span>Soltanto quando ci sono gli studenti Urbino sembra respirare e allontanare lo spettro della pi\u00f9 desolata solitudine. L\u2019Universit\u00e0 conta oggi ottomila studenti, \u00e8 in qualche modo la citt\u00e0 vera. Qui come in nessun altro luogo del mondo la popolazione studentesca supera quella degli abitanti. A ogni urbinate corrisponde uno studente e mezzo. Si tratta quindi di sviluppare e di accrescere questa sorgente di vita, questa straordinaria occasione di sangue nuovo, potenziando le istituzioni che esistono da secoli e creandone altre. \u00c8 quasi un simbolo che vale oltre la storia di una mirabile citt\u00e0, \u00e8 un simbolo che serve per tutto il nostro Paese. Questa collaborazione spontanea fra una citt\u00e0 monumentale e una popolazione di giovani lascia intendere in che modo si deve pensare alla cultura. La cultura ambientata in citt\u00e0 come Urbino \u00e8 veramente il segno della continuit\u00e0 e di una speranza che possa vincere lo spettro della morte.<\/span><span><o:p><\/o:p><\/span><\/p>\n<p><span><\/span><\/p>\n<\/div>\n<div>\n<p><span>Urbino consente ci\u00f2 che altrove, per esempio in una grande citt\u00e0, \u00e8 impossibile: un dialogo, una vita in comune, la collaborazione naturale e spontanea fra studenti e professori. \u00c8 questa giovent\u00f9 a portare l\u2019immagine di un futuro diverso, migliore.<\/span><span><o:p><\/o:p><\/span><\/p>\n<p><span><\/span><\/p>\n<\/div>\n<div>\n<p><span>Sono i giovani che oggi vengono da tutte le parti d\u2019Italia e, d\u2019estate, da tutta l\u2019Europa, sono i giovani che danno il segno della possibile rinascita.<\/span><span><o:p><\/o:p><\/span><\/p>\n<p><span><\/span><\/p>\n<\/div>\n<div>\n<p><span>Si tratta quindi di offrire sempre di pi\u00f9 a queste nuove famiglie di giovani umili ma veri, poveri ma certi e sicuri della loro passione intellettuale un soggiorno pieno, l\u2019immagine completa di una dimora.<\/span><span><o:p><\/o:p><\/span><\/p>\n<p><span><\/span><\/p>\n<\/div>\n<div>\n<p><span>Non siete mai venuti a Urbino? Se continuerete a rispondere di no, dovrete sentirvi in colpa, perch\u00e9 vi mancher\u00e0 una dimensione della civilt\u00e0 italiana. E questo lo si dice non soltanto per quello che \u00e8 il suo patrimonio artistico, no, lo si dice per quella che \u00e8 la fisionomia stessa della citt\u00e0, per la sua aria, per la straordinaria bellezza della sua terra. Urbino \u00e8 un paesaggio incantato, chi ha percorso soltanto una volta la strada rossa che porta a Fermignano per valli di una dolcezza indimenticabile o conosce la strada ducale che corre sul filo delle colline, parallela alla provinciale per Pesaro, sa che non sono menzogne, sa che non \u00e8 retorica. C\u2019\u00e8 una Urbino che respira al centro del cuore d\u2019Italia e che \u00e8 rimasta intatta dai tempi dei suoi grandi pittori, a memoria di una dignit\u00e0 dello spirito che il nostro modo di vivere ha umiliato e infine perduto.<o:p><\/o:p><\/span><\/p>\n<\/div>\n<div>\n<p>&nbsp;<\/p>\n<\/div>\n<div><\/div>\n<div><\/div>\n<p>[\/et_pb_text][et_pb_text _builder_version=&#8221;4.9.7&#8243; _module_preset=&#8221;default&#8221;]<\/p>\n<p><span style=\"color: #ffffff;\">[Il testo riproduce con minime libert\u00e0 d\u2019autore gli inserti a commento del documentario eponimo, girato dalla Unitelefilm nel 1965, con regia di Diego Fiumani, consulenza, architettura e urbanistica di Giancarlo De Carlo, voce recitante di Nando Gazzolo.<br \/>\nRipubblicato in Carlo Bo, Discorsi rettorali, Urbino, Argalia 1973, e quindi in Carlo Bo, Parole sulla citt\u00e0 dell\u2019anima, a c. di G. Santini, Urbino, Assessorato alla Cultura 1997, \u00e8 stato recentemente restituito, nella sezione Novit\u00e0, sul portale della \u201cFondazione Carlo e Marise Bo\u201d. In questa sede, anche nella volont\u00e0 di rappresentare la continuit\u00e0 dell\u2019impegno civile di Bo per la citt\u00e0 di Urbino, dopo il crollo di mura avvenuto il 24 ottobre 1964, con sensibilit\u00e0 e per esempio di testimonianza, il brano \u00e8 interpretato da Michele Pagliaroni, attore, drammaturgo, regista teatrale, e Direttore Artistico del \u201cCentro Teatrale Universitario Cesare Questa\u201d.]<\/p>\n<p><span style=\"color: #ffffff;\">Voce recitante: <strong>Michele Pagliaroni &#8211;\u00a0<\/strong>Fotografia: <strong>Bob Krieger<\/strong><\/span><\/p>\n<p>[\/et_pb_text][\/et_pb_column][et_pb_column type=&#8221;1_4&#8243; _builder_version=&#8221;4.7.2&#8243; _module_preset=&#8221;default&#8221;][\/et_pb_column][\/et_pb_row][\/et_pb_section]<\/p>\n","protected":false},"excerpt":{"rendered":"<p>Il testo riproduce con minime libert\u00e0 d\u2019autore gli inserti a commento del documentario eponimo, girato dalla Unitelefilm nel 1965, con regia di Diego Fiumani, consulenza, architettura e urbanistica di Giancarlo De Carlo, voce recitante di Nando Gazzolo.<br \/>\nRipubblicato in Carlo Bo, Discorsi rettorali, Urbino, Argalia 1973, e quindi in Carlo Bo, Parole sulla citt\u00e0 dell\u2019anima, a c. di G. Santini, Urbino, Assessorato alla Cultura 1997, \u00e8 stato recentemente restituito, nella sezione Novit\u00e0, sul portale della \u201cFondazione Carlo e Marise Bo\u201d. In questa sede, anche nella volont\u00e0 di rappresentare la continuit\u00e0 dell\u2019impegno civile di Bo per la citt\u00e0 di Urbino, dopo il crollo di mura avvenuto il 24 ottobre 1964, con sensibilit\u00e0 e per esempio di testimonianza, il brano \u00e8 interpretato da Michele Pagliaroni, attore, drammaturgo, regista teatrale, e Direttore Artistico del \u201cCentro Teatrale Universitario Cesare Questa\u201d.<\/p>\n","protected":false},"author":1,"featured_media":255612,"parent":8,"menu_order":0,"comment_status":"closed","ping_status":"closed","template":"","meta":{"_et_pb_use_builder":"on","_et_pb_old_content":"","_et_gb_content_width":"","footnotes":""},"class_list":["post-255601","page","type-page","status-publish","has-post-thumbnail","hentry"],"yoast_head":"<!-- This site is optimized with the Yoast SEO plugin v20.12 - https:\/\/yoast.com\/wordpress\/plugins\/seo\/ -->\n<title>Una citt\u00e0 che non deve morire [1965] letto da Michele Pagliaroni - Urbinate per sempre<\/title>\n<meta name=\"description\" content=\"Il testo riproduce con minime libert\u00e0 d\u2019autore gli inserti a commento del documentario eponimo, girato dalla Unitelefilm nel 1965, con regia di Diego Fiumani, consulenza, architettura e urbanistica di Giancarlo De Carlo, voce recitante di Nando Gazzolo. Ripubblicato in Carlo Bo, Discorsi rettorali, Urbino, Argalia 1973, e quindi in Carlo Bo, Parole sulla citt\u00e0 dell\u2019anima, a c. di G. Santini, Urbino, Assessorato alla Cultura 1997, \u00e8 stato recentemente restituito, nella sezione Novit\u00e0, sul portale della \u201cFondazione Carlo e Marise Bo\u201d. In questa sede, anche nella volont\u00e0 di rappresentare la continuit\u00e0 dell\u2019impegno civile di Bo per la citt\u00e0 di Urbino, dopo il crollo di mura avvenuto il 24 ottobre 1964, con sensibilit\u00e0 e per esempio di testimonianza, il brano \u00e8 interpretato da Michele Pagliaroni, attore, drammaturgo, regista teatrale, e Direttore Artistico del \u201cCentro Teatrale Universitario Cesare Questa\u201d.\" \/>\n<meta name=\"robots\" content=\"index, follow, max-snippet:-1, max-image-preview:large, max-video-preview:-1\" \/>\n<link rel=\"canonical\" href=\"https:\/\/eventi.uniurb.it\/urbinate-per-sempre\/home\/una-citta-che-non-deve-morire-1965-letto-da-michele-pagliaroni\/\" \/>\n<meta property=\"og:locale\" content=\"it_IT\" \/>\n<meta property=\"og:type\" content=\"article\" \/>\n<meta property=\"og:title\" content=\"Una citt\u00e0 che non deve morire [1965] letto da Michele Pagliaroni - Urbinate per sempre\" \/>\n<meta property=\"og:description\" content=\"Il testo riproduce con minime libert\u00e0 d\u2019autore gli inserti a commento del documentario eponimo, girato dalla Unitelefilm nel 1965, con regia di Diego Fiumani, consulenza, architettura e urbanistica di Giancarlo De Carlo, voce recitante di Nando Gazzolo. Ripubblicato in Carlo Bo, Discorsi rettorali, Urbino, Argalia 1973, e quindi in Carlo Bo, Parole sulla citt\u00e0 dell\u2019anima, a c. di G. Santini, Urbino, Assessorato alla Cultura 1997, \u00e8 stato recentemente restituito, nella sezione Novit\u00e0, sul portale della \u201cFondazione Carlo e Marise Bo\u201d. In questa sede, anche nella volont\u00e0 di rappresentare la continuit\u00e0 dell\u2019impegno civile di Bo per la citt\u00e0 di Urbino, dopo il crollo di mura avvenuto il 24 ottobre 1964, con sensibilit\u00e0 e per esempio di testimonianza, il brano \u00e8 interpretato da Michele Pagliaroni, attore, drammaturgo, regista teatrale, e Direttore Artistico del \u201cCentro Teatrale Universitario Cesare Questa\u201d.\" \/>\n<meta property=\"og:url\" content=\"https:\/\/eventi.uniurb.it\/urbinate-per-sempre\/home\/una-citta-che-non-deve-morire-1965-letto-da-michele-pagliaroni\/\" \/>\n<meta property=\"og:site_name\" content=\"Urbinate per sempre\" \/>\n<meta property=\"article:modified_time\" content=\"2021-08-25T08:50:37+00:00\" \/>\n<meta property=\"og:image\" content=\"https:\/\/eventi.uniurb.it\/urbinate-per-sempre\/wp-content\/uploads\/2021\/08\/urbinate-per-sempre.019.jpeg\" \/>\n\t<meta property=\"og:image:width\" content=\"1920\" \/>\n\t<meta property=\"og:image:height\" content=\"1080\" \/>\n\t<meta property=\"og:image:type\" content=\"image\/jpeg\" \/>\n<meta name=\"twitter:card\" content=\"summary_large_image\" \/>\n<meta name=\"twitter:label1\" content=\"Tempo di lettura stimato\" \/>\n\t<meta name=\"twitter:data1\" content=\"6 minuti\" \/>\n<script type=\"application\/ld+json\" class=\"yoast-schema-graph\">{\"@context\":\"https:\/\/schema.org\",\"@graph\":[{\"@type\":\"WebPage\",\"@id\":\"https:\/\/eventi.uniurb.it\/urbinate-per-sempre\/home\/una-citta-che-non-deve-morire-1965-letto-da-michele-pagliaroni\/\",\"url\":\"https:\/\/eventi.uniurb.it\/urbinate-per-sempre\/home\/una-citta-che-non-deve-morire-1965-letto-da-michele-pagliaroni\/\",\"name\":\"Una citt\u00e0 che non deve morire [1965] letto da Michele Pagliaroni - Urbinate per sempre\",\"isPartOf\":{\"@id\":\"https:\/\/eventi.uniurb.it\/urbinate-per-sempre\/#website\"},\"datePublished\":\"2021-08-25T08:48:59+00:00\",\"dateModified\":\"2021-08-25T08:50:37+00:00\",\"description\":\"Il testo riproduce con minime libert\u00e0 d\u2019autore gli inserti a commento del documentario eponimo, girato dalla Unitelefilm nel 1965, con regia di Diego Fiumani, consulenza, architettura e urbanistica di Giancarlo De Carlo, voce recitante di Nando Gazzolo. Ripubblicato in Carlo Bo, Discorsi rettorali, Urbino, Argalia 1973, e quindi in Carlo Bo, Parole sulla citt\u00e0 dell\u2019anima, a c. di G. Santini, Urbino, Assessorato alla Cultura 1997, \u00e8 stato recentemente restituito, nella sezione Novit\u00e0, sul portale della \u201cFondazione Carlo e Marise Bo\u201d. In questa sede, anche nella volont\u00e0 di rappresentare la continuit\u00e0 dell\u2019impegno civile di Bo per la citt\u00e0 di Urbino, dopo il crollo di mura avvenuto il 24 ottobre 1964, con sensibilit\u00e0 e per esempio di testimonianza, il brano \u00e8 interpretato da Michele Pagliaroni, attore, drammaturgo, regista teatrale, e Direttore Artistico del \u201cCentro Teatrale Universitario Cesare Questa\u201d.\",\"breadcrumb\":{\"@id\":\"https:\/\/eventi.uniurb.it\/urbinate-per-sempre\/home\/una-citta-che-non-deve-morire-1965-letto-da-michele-pagliaroni\/#breadcrumb\"},\"inLanguage\":\"it-IT\",\"potentialAction\":[{\"@type\":\"ReadAction\",\"target\":[\"https:\/\/eventi.uniurb.it\/urbinate-per-sempre\/home\/una-citta-che-non-deve-morire-1965-letto-da-michele-pagliaroni\/\"]}]},{\"@type\":\"BreadcrumbList\",\"@id\":\"https:\/\/eventi.uniurb.it\/urbinate-per-sempre\/home\/una-citta-che-non-deve-morire-1965-letto-da-michele-pagliaroni\/#breadcrumb\",\"itemListElement\":[{\"@type\":\"ListItem\",\"position\":1,\"name\":\"Home\",\"item\":\"https:\/\/eventi.uniurb.it\/urbinate-per-sempre\/\"},{\"@type\":\"ListItem\",\"position\":2,\"name\":\"Home\",\"item\":\"https:\/\/eventi.uniurb.it\/urbinate-per-sempre\/\"},{\"@type\":\"ListItem\",\"position\":3,\"name\":\"Una citt\u00e0 che non deve morire [1965] letto da Michele Pagliaroni\"}]},{\"@type\":\"WebSite\",\"@id\":\"https:\/\/eventi.uniurb.it\/urbinate-per-sempre\/#website\",\"url\":\"https:\/\/eventi.uniurb.it\/urbinate-per-sempre\/\",\"name\":\"Urbinate per sempre\",\"description\":\"Ideato e curato da Tiziana Mattioli, il progetto \u00e8 dedicato a Vilberto Stocchi che, da un lontano progetto condiviso con Giovanni Bogliolo, ne ha consentito ora la realizzazione, pur in tempi difficili.\",\"potentialAction\":[{\"@type\":\"SearchAction\",\"target\":{\"@type\":\"EntryPoint\",\"urlTemplate\":\"https:\/\/eventi.uniurb.it\/urbinate-per-sempre\/?s={search_term_string}\"},\"query-input\":\"required name=search_term_string\"}],\"inLanguage\":\"it-IT\"}]}<\/script>\n<!-- \/ Yoast SEO plugin. -->","yoast_head_json":{"title":"Una citt\u00e0 che non deve morire [1965] letto da Michele Pagliaroni - Urbinate per sempre","description":"Il testo riproduce con minime libert\u00e0 d\u2019autore gli inserti a commento del documentario eponimo, girato dalla Unitelefilm nel 1965, con regia di Diego Fiumani, consulenza, architettura e urbanistica di Giancarlo De Carlo, voce recitante di Nando Gazzolo. Ripubblicato in Carlo Bo, Discorsi rettorali, Urbino, Argalia 1973, e quindi in Carlo Bo, Parole sulla citt\u00e0 dell\u2019anima, a c. di G. Santini, Urbino, Assessorato alla Cultura 1997, \u00e8 stato recentemente restituito, nella sezione Novit\u00e0, sul portale della \u201cFondazione Carlo e Marise Bo\u201d. In questa sede, anche nella volont\u00e0 di rappresentare la continuit\u00e0 dell\u2019impegno civile di Bo per la citt\u00e0 di Urbino, dopo il crollo di mura avvenuto il 24 ottobre 1964, con sensibilit\u00e0 e per esempio di testimonianza, il brano \u00e8 interpretato da Michele Pagliaroni, attore, drammaturgo, regista teatrale, e Direttore Artistico del \u201cCentro Teatrale Universitario Cesare Questa\u201d.","robots":{"index":"index","follow":"follow","max-snippet":"max-snippet:-1","max-image-preview":"max-image-preview:large","max-video-preview":"max-video-preview:-1"},"canonical":"https:\/\/eventi.uniurb.it\/urbinate-per-sempre\/home\/una-citta-che-non-deve-morire-1965-letto-da-michele-pagliaroni\/","og_locale":"it_IT","og_type":"article","og_title":"Una citt\u00e0 che non deve morire [1965] letto da Michele Pagliaroni - Urbinate per sempre","og_description":"Il testo riproduce con minime libert\u00e0 d\u2019autore gli inserti a commento del documentario eponimo, girato dalla Unitelefilm nel 1965, con regia di Diego Fiumani, consulenza, architettura e urbanistica di Giancarlo De Carlo, voce recitante di Nando Gazzolo. Ripubblicato in Carlo Bo, Discorsi rettorali, Urbino, Argalia 1973, e quindi in Carlo Bo, Parole sulla citt\u00e0 dell\u2019anima, a c. di G. Santini, Urbino, Assessorato alla Cultura 1997, \u00e8 stato recentemente restituito, nella sezione Novit\u00e0, sul portale della \u201cFondazione Carlo e Marise Bo\u201d. In questa sede, anche nella volont\u00e0 di rappresentare la continuit\u00e0 dell\u2019impegno civile di Bo per la citt\u00e0 di Urbino, dopo il crollo di mura avvenuto il 24 ottobre 1964, con sensibilit\u00e0 e per esempio di testimonianza, il brano \u00e8 interpretato da Michele Pagliaroni, attore, drammaturgo, regista teatrale, e Direttore Artistico del \u201cCentro Teatrale Universitario Cesare Questa\u201d.","og_url":"https:\/\/eventi.uniurb.it\/urbinate-per-sempre\/home\/una-citta-che-non-deve-morire-1965-letto-da-michele-pagliaroni\/","og_site_name":"Urbinate per sempre","article_modified_time":"2021-08-25T08:50:37+00:00","og_image":[{"width":1920,"height":1080,"url":"https:\/\/eventi.uniurb.it\/urbinate-per-sempre\/wp-content\/uploads\/2021\/08\/urbinate-per-sempre.019.jpeg","type":"image\/jpeg"}],"twitter_card":"summary_large_image","twitter_misc":{"Tempo di lettura stimato":"6 minuti"},"schema":{"@context":"https:\/\/schema.org","@graph":[{"@type":"WebPage","@id":"https:\/\/eventi.uniurb.it\/urbinate-per-sempre\/home\/una-citta-che-non-deve-morire-1965-letto-da-michele-pagliaroni\/","url":"https:\/\/eventi.uniurb.it\/urbinate-per-sempre\/home\/una-citta-che-non-deve-morire-1965-letto-da-michele-pagliaroni\/","name":"Una citt\u00e0 che non deve morire [1965] letto da Michele Pagliaroni - Urbinate per sempre","isPartOf":{"@id":"https:\/\/eventi.uniurb.it\/urbinate-per-sempre\/#website"},"datePublished":"2021-08-25T08:48:59+00:00","dateModified":"2021-08-25T08:50:37+00:00","description":"Il testo riproduce con minime libert\u00e0 d\u2019autore gli inserti a commento del documentario eponimo, girato dalla Unitelefilm nel 1965, con regia di Diego Fiumani, consulenza, architettura e urbanistica di Giancarlo De Carlo, voce recitante di Nando Gazzolo. Ripubblicato in Carlo Bo, Discorsi rettorali, Urbino, Argalia 1973, e quindi in Carlo Bo, Parole sulla citt\u00e0 dell\u2019anima, a c. di G. Santini, Urbino, Assessorato alla Cultura 1997, \u00e8 stato recentemente restituito, nella sezione Novit\u00e0, sul portale della \u201cFondazione Carlo e Marise Bo\u201d. In questa sede, anche nella volont\u00e0 di rappresentare la continuit\u00e0 dell\u2019impegno civile di Bo per la citt\u00e0 di Urbino, dopo il crollo di mura avvenuto il 24 ottobre 1964, con sensibilit\u00e0 e per esempio di testimonianza, il brano \u00e8 interpretato da Michele Pagliaroni, attore, drammaturgo, regista teatrale, e Direttore Artistico del \u201cCentro Teatrale Universitario Cesare Questa\u201d.","breadcrumb":{"@id":"https:\/\/eventi.uniurb.it\/urbinate-per-sempre\/home\/una-citta-che-non-deve-morire-1965-letto-da-michele-pagliaroni\/#breadcrumb"},"inLanguage":"it-IT","potentialAction":[{"@type":"ReadAction","target":["https:\/\/eventi.uniurb.it\/urbinate-per-sempre\/home\/una-citta-che-non-deve-morire-1965-letto-da-michele-pagliaroni\/"]}]},{"@type":"BreadcrumbList","@id":"https:\/\/eventi.uniurb.it\/urbinate-per-sempre\/home\/una-citta-che-non-deve-morire-1965-letto-da-michele-pagliaroni\/#breadcrumb","itemListElement":[{"@type":"ListItem","position":1,"name":"Home","item":"https:\/\/eventi.uniurb.it\/urbinate-per-sempre\/"},{"@type":"ListItem","position":2,"name":"Home","item":"https:\/\/eventi.uniurb.it\/urbinate-per-sempre\/"},{"@type":"ListItem","position":3,"name":"Una citt\u00e0 che non deve morire [1965] letto da Michele Pagliaroni"}]},{"@type":"WebSite","@id":"https:\/\/eventi.uniurb.it\/urbinate-per-sempre\/#website","url":"https:\/\/eventi.uniurb.it\/urbinate-per-sempre\/","name":"Urbinate per sempre","description":"Ideato e curato da Tiziana Mattioli, il progetto \u00e8 dedicato a Vilberto Stocchi che, da un lontano progetto condiviso con Giovanni Bogliolo, ne ha consentito ora la realizzazione, pur in tempi difficili.","potentialAction":[{"@type":"SearchAction","target":{"@type":"EntryPoint","urlTemplate":"https:\/\/eventi.uniurb.it\/urbinate-per-sempre\/?s={search_term_string}"},"query-input":"required name=search_term_string"}],"inLanguage":"it-IT"}]}},"_links":{"self":[{"href":"https:\/\/eventi.uniurb.it\/urbinate-per-sempre\/wp-json\/wp\/v2\/pages\/255601","targetHints":{"allow":["GET"]}}],"collection":[{"href":"https:\/\/eventi.uniurb.it\/urbinate-per-sempre\/wp-json\/wp\/v2\/pages"}],"about":[{"href":"https:\/\/eventi.uniurb.it\/urbinate-per-sempre\/wp-json\/wp\/v2\/types\/page"}],"author":[{"embeddable":true,"href":"https:\/\/eventi.uniurb.it\/urbinate-per-sempre\/wp-json\/wp\/v2\/users\/1"}],"replies":[{"embeddable":true,"href":"https:\/\/eventi.uniurb.it\/urbinate-per-sempre\/wp-json\/wp\/v2\/comments?post=255601"}],"version-history":[{"count":7,"href":"https:\/\/eventi.uniurb.it\/urbinate-per-sempre\/wp-json\/wp\/v2\/pages\/255601\/revisions"}],"predecessor-version":[{"id":255611,"href":"https:\/\/eventi.uniurb.it\/urbinate-per-sempre\/wp-json\/wp\/v2\/pages\/255601\/revisions\/255611"}],"up":[{"embeddable":true,"href":"https:\/\/eventi.uniurb.it\/urbinate-per-sempre\/wp-json\/wp\/v2\/pages\/8"}],"wp:featuredmedia":[{"embeddable":true,"href":"https:\/\/eventi.uniurb.it\/urbinate-per-sempre\/wp-json\/wp\/v2\/media\/255612"}],"wp:attachment":[{"href":"https:\/\/eventi.uniurb.it\/urbinate-per-sempre\/wp-json\/wp\/v2\/media?parent=255601"}],"curies":[{"name":"wp","href":"https:\/\/api.w.org\/{rel}","templated":true}]}}