{"id":255522,"date":"2021-05-25T09:00:53","date_gmt":"2021-05-25T09:00:53","guid":{"rendered":"https:\/\/eventi.uniurb.it\/urbinate-per-sempre\/?page_id=255522"},"modified":"2021-05-30T16:03:56","modified_gmt":"2021-05-30T16:03:56","slug":"quando-federico-da-montefeltro-cerco-di-sedurre-le-muse-1989-letto-da-lucia-ferrati","status":"publish","type":"page","link":"https:\/\/eventi.uniurb.it\/urbinate-per-sempre\/home\/quando-federico-da-montefeltro-cerco-di-sedurre-le-muse-1989-letto-da-lucia-ferrati\/","title":{"rendered":"Quando Federico da Montefeltro cerc\u00f2 di sedurre le Muse [1989] letto da Lucia Ferrati"},"content":{"rendered":"<p>[et_pb_section fb_built=&#8221;1&#8243; _builder_version=&#8221;4.7.2&#8243; _module_preset=&#8221;default&#8221; background_color=&#8221;#000000&#8243; background_enable_image=&#8221;off&#8221; custom_padding=&#8221;||30px||false|false&#8221;][et_pb_row column_structure=&#8221;1_4,1_2,1_4&#8243; _builder_version=&#8221;4.7.2&#8243; _module_preset=&#8221;default&#8221; custom_padding=&#8221;64px|||||&#8221;][et_pb_column type=&#8221;1_4&#8243; _builder_version=&#8221;4.7.2&#8243; _module_preset=&#8221;default&#8221;][\/et_pb_column][et_pb_column type=&#8221;1_2&#8243; _builder_version=&#8221;4.7.2&#8243; _module_preset=&#8221;default&#8221;][et_pb_text _builder_version=&#8221;4.7.2&#8243; _module_preset=&#8221;default&#8221; text_text_color=&#8221;#da3b26&#8243; header_text_color=&#8221;#ffffff&#8221; text_orientation=&#8221;center&#8221; module_alignment=&#8221;center&#8221;]<\/p>\n<h1 style=\"text-align: left;\">Quando Federico da Montefeltro cerc\u00f2 di sedurre le Muse<\/h1>\n<h2 style=\"text-align: left;\"><span style=\"color: #da3b26;\"><span style=\"caret-color: #da3b26;\">L&#8217;Ateneo ricorda Carlo Bo\u00a0nell&#8217;anno ventennale della sua scomparsa.<\/span><\/span><\/h2>\n<p>[\/et_pb_text][et_pb_video src=&#8221;https:\/\/youtu.be\/FhYEMYBhWjA&#8221; thumbnail_overlay_color=&#8221;rgba(0,0,0,0.6)&#8221; _builder_version=&#8221;4.7.2&#8243; _module_preset=&#8221;default&#8221;][\/et_pb_video][et_pb_text _builder_version=&#8221;4.7.2&#8243; _module_preset=&#8221;default&#8221; text_text_color=&#8221;#ffffff&#8221; text_font_size=&#8221;18px&#8221;]<\/p>\n<p>Urbino ha un cielo particolare, lo avverte subito chi sta per salire al monte e entrare in citt\u00e0. Al cielo corrisponde l\u2019aria, l\u2019anima stessa del paese. Per essere pi\u00f9 precisi, ci sono diverse vie d\u2019accesso: la storica che partendo da Urbania a un certo punto ci mette di fronte al miracolo del Palazzo Ducale, una ancora pi\u00f9 antica, era detta Ducale, che corre sulle colline e infine quella che viene da Pesaro e oggi \u00e8 la pi\u00f9 battuta e anche la pi\u00f9 nota. Comunque, il punto di riferimento resta il Palazzo Ducale. Del resto, quando si dice Urbino, viene naturale pensare o a Raffaello o al Palazzo. Ecco perch\u00e9 il viaggiatore finisce per fare della sua visita una ragione storica, una verifica. Questo regime comporta con le soluzioni infelici e naturali, altre soluzioni intitolate, pi\u00f9 che alla sorpresa, alla delusione: ma sono soluzioni provvisorie. Anche in questi casi, non cessa il bisogno del confronto e di una scoperta pi\u00f9 segreta, meno prevedibile. Si tratta per\u00f2 sempre di viaggiatori illuminati, di visitatori preparati e \u00e8 a questa famiglia che mi rivolgo.<\/p>\n<p>Per prima cosa direi di fare una revisione dei luoghi. Paradossalmente Urbino conserverebbe la sua fisionomia anche se non fosse una dimora dell\u2019arte, una delle vere capitali d\u2019Italia. Bisogna girare la citt\u00e0 senza un ordine prestabilito, cominciando per esempio dalla fortezza dell\u2019Albornoz che sta su una delle due colline che formano la citt\u00e0, passando poi alla conoscenza delle mura: per rispettare la definizione locale, scendere dal Giro dei Debitori per arrivare ai piedi della chiesa dei Cappuccini, luogo quanto mai poetico e ben conosciuto da chi ha letto l\u2019<em>Aquilone<\/em> del Pascoli. Se si svolta a sinistra si arriva sotto il palazzo e si ha modo di studiare e ammirare l\u2019alta opera di ingegneria che ha permesso al duca Federigo di dare vita al suo miracolo. Con un giro pi\u00f9 largo si pu\u00f2 arrivare al cuore della citt\u00e0 o se si sceglie di passare per la porta maggiore, Valbona, si arriva alla piazza, da dove in pochi minuti ci si ritrova all\u2019appuntamento.<\/p>\n<p>Si pensa e si dice che per visitare Urbino basti un giorno, ma non \u00e8 vero, soltanto il Palazzo esige diverse ore di sosta. C\u2019\u00e8 dentro di tutto, intanto va esaminata la pianta, poi fissato l\u2019ordine di questa che \u00e8 stata detta giustamente una \u201ccitt\u00e0\u201d. Quando \u00e8 stato ideato il Palazzo doveva contenere tutto e in effetti al visitatore tocca tutta una serie di confronti, a partire dai fondi che sono stati riportati alla loro prima immagine, fino ai Torricini. Non era una casa fatta solo per rappresentanza, per una grande rappresentazione, per un teatro ufficiale, no, prima di tutto, doveva essere una casa di vita, dove tutti avevano diritto di entrare e di stare. Un progetto unico per quei tempi, e mai pi\u00f9 ripetuto con la stessa forza d\u2019immaginazione e d\u2019invenzione. Il cortile, la grande scala che porta alla sala del Trono, le gallerie, le stanze, le dimore dei Duchi. Il visitatore non pu\u00f2 restringere l\u2019incontro al dato della meraviglia e della sorpresa, fatalmente \u00e8 costretto a rivedere la storia di una famiglia, a rispondere al grande numero degli ospiti illustri che lo hanno arricchito e nobilitato.<\/p>\n<p>Lo so, \u00e8 stato un miracolo di pochi anni ma \u00e8 rimasto come un simbolo, se non come il simbolo del Rinascimento e della vittoria dell\u2019Umanesimo. Per il resto, il visitatore non ha che da sostare davanti alle opere d\u2019arte che sono state pi\u00f9 tardi raccolte nel nome del Signore che le aveva ordinate. Naturalmente il tempo ha portato il suo disordine, gran numero dei capolavori \u00e8 stato depredato, la famosa Biblioteca \u00e8 finita a Roma, ma tuttavia basta l\u2019edificio, l\u2019impianto stesso della costruzione per farci capire che ci troviamo di fronte a un monumento unico: meglio ancora di fronte all\u2019ipotesi splendente della bellezza. Non per nulla Federigo da Montefeltro aveva cercato di fare della sua casa la dimora delle Muse: lo fece chiamando intorno a s\u00e9 gli uomini e gli artisti migliori del suo tempo, lo fece cercando di identificare un sogno di bellezza con la potenza della ricchezza. Va detto che l\u2019impresa non \u00e8 stata vana, a distanza di secoli la voce del Palazzo Ducale \u00e8 rimasta intatta e se Urbino ha potuto continuare a vivere \u00e8 proprio perch\u00e9 nella Biblioteca ha voluto evocare la grande famiglia degli spiriti forti della Storia. Ecco perch\u00e9 non basta una giornata, al Palazzo \u00e8 opportuno tornare molte volte, con la speranza di penetrarne i misteri e di riconoscerne le voci pi\u00f9 nascoste.<\/p>\n<p>Una volta rispettati questi limiti, si pu\u00f2 riprendere la visita alla citt\u00e0 che \u00e8 in qualche modo l\u2019appendice insostituibile del grande edificio. Ancora un modo per entrare nel passato, in quello che doveva essere il mondo urbinate di 500 anni fa. Quasi di fronte al Palazzo Ducale c\u2019\u00e8 l\u2019oratorio di San Giovanni con gli affreschi dei fratelli Salimbeni e poi un numero alto di chiese, tutte segnate da un tratto comune di bellezza. Chiese piccole, a volte semplici oratori, a partire dalla pi\u00f9 antica, dedicata a San Sergio, per arrivare a quelle della campagna che circonda Urbino.<\/p>\n<p>Sono tanti itinerari che consentono al visitatore di ricostruire il senso della civilt\u00e0 urbinate, una civilt\u00e0 contadina che in questo secondo dopoguerra ha perduto le sue caratteristiche. C&#8217;\u00e8 stata, come in altre citt\u00e0 delle Marche, una sostituzione ma questa di Urbino ha in buona misura rispettato la prima ragione dell\u2019Umanesimo. A quello delle campagne abbandonate \u00e8 subentrato il mondo della scuola. Per esempio l\u2019universit\u00e0 ha cercato \u2013 grazie all\u2019opera straordinaria dell\u2019architetto Giancarlo De Carlo \u2013 di innestare su vecchi tronchi la vita nuova: si vada a visitare la sede del Magistero, la facolt\u00e0 di Giurisprudenza, molti palazzi che ora sono occupati da istituti e soprattutto i collegi che animano tutta la parte nascosta dietro la chiesa dei Cappuccini. De Carlo ha inteso per primo che per salvare Urbino non si doveva tradire la sua vera fisionomia, al contrario bisognava saldare in un\u2019unica vocazione il deposito illustre del passato e le aspirazioni della nuova cultura.<\/p>\n<p>A noi sembra che il progetto sia riuscito, senza tradire quello che \u00e8 lo spirito non solo della civilt\u00e0 urbinate ma anche del paesaggio che ritroviamo fissato per l\u2019eternit\u00e0 da Piero della Francesca. Non sar\u00e0 questo l\u2019ultimo dei temi del viaggio e della visita, anzi sar\u00e0 uno dei momenti pi\u00f9 esaltanti dell\u2019incontro. Ci\u00f2 che respirava nei libri della biblioteca saccheggiata e perduta del Duca \u00e8 passato in un mondo per fortuna non ancora contaminato o sconciato dai poveri progetti della nostra nuova visione del mondo. Ecco perch\u00e9 uscendo dal Palazzo o dalla chiesa di San Giovanni, illuminata dai Salimbeni, c\u2019\u00e8 tutto un mondo da percorrere e da riconoscere: ci sono le Cesane, c\u2019\u00e8 la chiesa di San Bernardino con le tombe dei Duchi che stanno di fronte alla citt\u00e0 e sembrano rispondere con la voce di ieri a quella dell\u2019arte: una mirabile gara che \u00e8 un po\u2019 il riassunto delle nostre vicende terrene. Urbino \u00e8 stata cantata da molti, in tempi non lontani da Cardarelli e in tempi pi\u00f9 vicini a noi dallo scrittore Paolo Volponi che ha saputo penetrare fino in fondo nel cuore della sua citt\u00e0, di questa \u2013 ripetiamolo ancora una volta \u2013 citt\u00e0 dell\u2019anima.<\/p>\n<p>[\/et_pb_text][et_pb_text _builder_version=&#8221;4.7.2&#8243; _module_preset=&#8221;default&#8221;]<\/p>\n<p><span style=\"color: #ffffff;\">[Stampato per la prima volta sul \u201cCorriere della Sera\u201d il 12 luglio 1989, nelle pagine di viaggio, sotto il titolo: <em>Visitare Urbino<\/em>, e quindi ripubblicato in Carlo Bo, Urbino, \u201cil nuovo Leopardi\/ grafica\/8\u00b0\u201d, il testo dedicato a Federico di Montefeltro \u00e8 poi stato compreso nel volume: <em>Carlo Bo, Parole sulla citt\u00e0 dell\u2019anima<\/em>, a cura di Gilberto Santini, Urbino, Assessorato alla Cultura 1997, e quindi in <em>Carlo Bo, Citt\u00e0 dell\u2019anima. Scritti sulle Marche e i marchigiani<\/em>, a cura di Ursula Vogt, Ancona, Il lavoro editoriale 2000. Si tratta di una scrittura iconica, che qui cronologicamente si accompagner\u00e0 anche alla ricorrenza del compleanno del Duca Federico (7 giugno). Nell\u2019occasione del ventennale il testo \u00e8 affidato alla voce e al magistero di Lucia Ferrati, che da tempo si \u00e8 fatta interprete delle parole del grande, magnifico Rettore. ]<\/span><\/p>\n<p><span style=\"color: #ffffff;\">Voce recitante: <strong>Lucia Ferrati &#8211;\u00a0<\/strong>Fotografia: <strong>Bob Krieger<\/strong><\/span><\/p>\n<p>[\/et_pb_text][\/et_pb_column][et_pb_column type=&#8221;1_4&#8243; _builder_version=&#8221;4.7.2&#8243; _module_preset=&#8221;default&#8221;][\/et_pb_column][\/et_pb_row][\/et_pb_section]<\/p>\n","protected":false},"excerpt":{"rendered":"<p>Stampato per la prima volta sul \u201cCorriere della Sera\u201d il 12 luglio 1989, nelle  pagine di viaggio, sotto il titolo: &#8220;Visitare Urbino&#8221;, e quindi ripubblicato in &#8220;Carlo Bo, Urbino&#8221;, \u201cil nuovo Leopardi\/ grafica\/8\u00b0\u201d, il testo dedicato a Federico di Montefeltro \u00e8 poi stato compreso nel volume: &#8220;Carlo Bo, Parole sulla citt\u00e0 dell\u2019anima&#8221;, a cura di Gilberto Santini, Urbino, Assessorato alla Cultura 1997, e quindi in &#8220;Carlo Bo, Citt\u00e0 dell\u2019anima. Scritti sulle Marche e i marchigiani&#8221;, a cura di Ursula Vogt, Ancona, Il lavoro editoriale 2000. Si tratta di una scrittura iconica, che qui cronologicamente si accompagner\u00e0 anche alla ricorrenza del compleanno del Duca Federico (7 giugno). Nell\u2019occasione del ventennale il testo \u00e8 affidato alla voce e al magistero di Lucia Ferrati, che da tempo si \u00e8 fatta interprete delle parole del grande, magnifico Rettore.<\/p>\n","protected":false},"author":1,"featured_media":255527,"parent":8,"menu_order":40,"comment_status":"closed","ping_status":"closed","template":"","meta":{"_et_pb_use_builder":"on","_et_pb_old_content":"","_et_gb_content_width":"","footnotes":""},"class_list":["post-255522","page","type-page","status-publish","has-post-thumbnail","hentry"],"yoast_head":"<!-- This site is optimized with the Yoast SEO plugin v20.12 - https:\/\/yoast.com\/wordpress\/plugins\/seo\/ -->\n<title>Quando Federico da Montefeltro cerc\u00f2 di sedurre le Muse [1989] letto da Lucia Ferrati - Urbinate per sempre<\/title>\n<meta name=\"description\" content=\"Stampato per la prima volta sul \u201cCorriere della Sera\u201d il 12 luglio 1989, nelle pagine di viaggio, sotto il titolo: &quot;Visitare Urbino&quot;, e quindi ripubblicato in &quot;Carlo Bo, Urbino&quot;, \u201cil nuovo Leopardi\/ grafica\/8\u00b0\u201d, il testo dedicato a Federico di Montefeltro \u00e8 poi stato compreso nel volume: &quot;Carlo Bo, Parole sulla citt\u00e0 dell\u2019anima&quot;, a cura di Gilberto Santini, Urbino, Assessorato alla Cultura 1997, e quindi in &quot;Carlo Bo, Citt\u00e0 dell\u2019anima. Scritti sulle Marche e i marchigiani&quot;, a cura di Ursula Vogt, Ancona, Il lavoro editoriale 2000. Si tratta di una scrittura iconica, che qui cronologicamente si accompagner\u00e0 anche alla ricorrenza del compleanno del Duca Federico (7 giugno). Nell\u2019occasione del ventennale il testo \u00e8 affidato alla voce e al magistero di Lucia Ferrati, che da tempo si \u00e8 fatta interprete delle parole del grande, magnifico Rettore.\" \/>\n<meta name=\"robots\" content=\"index, follow, max-snippet:-1, max-image-preview:large, max-video-preview:-1\" \/>\n<link rel=\"canonical\" href=\"https:\/\/eventi.uniurb.it\/urbinate-per-sempre\/home\/quando-federico-da-montefeltro-cerco-di-sedurre-le-muse-1989-letto-da-lucia-ferrati\/\" \/>\n<meta property=\"og:locale\" content=\"it_IT\" \/>\n<meta property=\"og:type\" content=\"article\" \/>\n<meta property=\"og:title\" content=\"Quando Federico da Montefeltro cerc\u00f2 di sedurre le Muse [1989] letto da Lucia Ferrati - Urbinate per sempre\" \/>\n<meta property=\"og:description\" content=\"Stampato per la prima volta sul \u201cCorriere della Sera\u201d il 12 luglio 1989, nelle pagine di viaggio, sotto il titolo: &quot;Visitare Urbino&quot;, e quindi ripubblicato in &quot;Carlo Bo, Urbino&quot;, \u201cil nuovo Leopardi\/ grafica\/8\u00b0\u201d, il testo dedicato a Federico di Montefeltro \u00e8 poi stato compreso nel volume: &quot;Carlo Bo, Parole sulla citt\u00e0 dell\u2019anima&quot;, a cura di Gilberto Santini, Urbino, Assessorato alla Cultura 1997, e quindi in &quot;Carlo Bo, Citt\u00e0 dell\u2019anima. Scritti sulle Marche e i marchigiani&quot;, a cura di Ursula Vogt, Ancona, Il lavoro editoriale 2000. Si tratta di una scrittura iconica, che qui cronologicamente si accompagner\u00e0 anche alla ricorrenza del compleanno del Duca Federico (7 giugno). Nell\u2019occasione del ventennale il testo \u00e8 affidato alla voce e al magistero di Lucia Ferrati, che da tempo si \u00e8 fatta interprete delle parole del grande, magnifico Rettore.\" \/>\n<meta property=\"og:url\" content=\"https:\/\/eventi.uniurb.it\/urbinate-per-sempre\/home\/quando-federico-da-montefeltro-cerco-di-sedurre-le-muse-1989-letto-da-lucia-ferrati\/\" \/>\n<meta property=\"og:site_name\" content=\"Urbinate per sempre\" \/>\n<meta property=\"article:modified_time\" content=\"2021-05-30T16:03:56+00:00\" \/>\n<meta property=\"og:image\" content=\"https:\/\/eventi.uniurb.it\/urbinate-per-sempre\/wp-content\/uploads\/2021\/05\/urbinate-per-sempre.016.jpeg\" \/>\n\t<meta property=\"og:image:width\" content=\"1920\" \/>\n\t<meta property=\"og:image:height\" content=\"1080\" \/>\n\t<meta property=\"og:image:type\" content=\"image\/jpeg\" \/>\n<meta name=\"twitter:card\" content=\"summary_large_image\" \/>\n<meta name=\"twitter:label1\" content=\"Tempo di lettura stimato\" \/>\n\t<meta name=\"twitter:data1\" content=\"8 minuti\" \/>\n<script type=\"application\/ld+json\" class=\"yoast-schema-graph\">{\"@context\":\"https:\/\/schema.org\",\"@graph\":[{\"@type\":\"WebPage\",\"@id\":\"https:\/\/eventi.uniurb.it\/urbinate-per-sempre\/home\/quando-federico-da-montefeltro-cerco-di-sedurre-le-muse-1989-letto-da-lucia-ferrati\/\",\"url\":\"https:\/\/eventi.uniurb.it\/urbinate-per-sempre\/home\/quando-federico-da-montefeltro-cerco-di-sedurre-le-muse-1989-letto-da-lucia-ferrati\/\",\"name\":\"Quando Federico da Montefeltro cerc\u00f2 di sedurre le Muse [1989] letto da Lucia Ferrati - Urbinate per sempre\",\"isPartOf\":{\"@id\":\"https:\/\/eventi.uniurb.it\/urbinate-per-sempre\/#website\"},\"datePublished\":\"2021-05-25T09:00:53+00:00\",\"dateModified\":\"2021-05-30T16:03:56+00:00\",\"description\":\"Stampato per la prima volta sul \u201cCorriere della Sera\u201d il 12 luglio 1989, nelle pagine di viaggio, sotto il titolo: \\\"Visitare Urbino\\\", e quindi ripubblicato in \\\"Carlo Bo, Urbino\\\", \u201cil nuovo Leopardi\/ grafica\/8\u00b0\u201d, il testo dedicato a Federico di Montefeltro \u00e8 poi stato compreso nel volume: \\\"Carlo Bo, Parole sulla citt\u00e0 dell\u2019anima\\\", a cura di Gilberto Santini, Urbino, Assessorato alla Cultura 1997, e quindi in \\\"Carlo Bo, Citt\u00e0 dell\u2019anima. Scritti sulle Marche e i marchigiani\\\", a cura di Ursula Vogt, Ancona, Il lavoro editoriale 2000. Si tratta di una scrittura iconica, che qui cronologicamente si accompagner\u00e0 anche alla ricorrenza del compleanno del Duca Federico (7 giugno). Nell\u2019occasione del ventennale il testo \u00e8 affidato alla voce e al magistero di Lucia Ferrati, che da tempo si \u00e8 fatta interprete delle parole del grande, magnifico Rettore.\",\"breadcrumb\":{\"@id\":\"https:\/\/eventi.uniurb.it\/urbinate-per-sempre\/home\/quando-federico-da-montefeltro-cerco-di-sedurre-le-muse-1989-letto-da-lucia-ferrati\/#breadcrumb\"},\"inLanguage\":\"it-IT\",\"potentialAction\":[{\"@type\":\"ReadAction\",\"target\":[\"https:\/\/eventi.uniurb.it\/urbinate-per-sempre\/home\/quando-federico-da-montefeltro-cerco-di-sedurre-le-muse-1989-letto-da-lucia-ferrati\/\"]}]},{\"@type\":\"BreadcrumbList\",\"@id\":\"https:\/\/eventi.uniurb.it\/urbinate-per-sempre\/home\/quando-federico-da-montefeltro-cerco-di-sedurre-le-muse-1989-letto-da-lucia-ferrati\/#breadcrumb\",\"itemListElement\":[{\"@type\":\"ListItem\",\"position\":1,\"name\":\"Home\",\"item\":\"https:\/\/eventi.uniurb.it\/urbinate-per-sempre\/\"},{\"@type\":\"ListItem\",\"position\":2,\"name\":\"Home\",\"item\":\"https:\/\/eventi.uniurb.it\/urbinate-per-sempre\/\"},{\"@type\":\"ListItem\",\"position\":3,\"name\":\"Quando Federico da Montefeltro cerc\u00f2 di sedurre le Muse [1989] letto da Lucia Ferrati\"}]},{\"@type\":\"WebSite\",\"@id\":\"https:\/\/eventi.uniurb.it\/urbinate-per-sempre\/#website\",\"url\":\"https:\/\/eventi.uniurb.it\/urbinate-per-sempre\/\",\"name\":\"Urbinate per sempre\",\"description\":\"Ideato e curato da Tiziana Mattioli, il progetto \u00e8 dedicato a Vilberto Stocchi che, da un lontano progetto condiviso con Giovanni Bogliolo, ne ha consentito ora la realizzazione, pur in tempi difficili.\",\"potentialAction\":[{\"@type\":\"SearchAction\",\"target\":{\"@type\":\"EntryPoint\",\"urlTemplate\":\"https:\/\/eventi.uniurb.it\/urbinate-per-sempre\/?s={search_term_string}\"},\"query-input\":\"required name=search_term_string\"}],\"inLanguage\":\"it-IT\"}]}<\/script>\n<!-- \/ Yoast SEO plugin. -->","yoast_head_json":{"title":"Quando Federico da Montefeltro cerc\u00f2 di sedurre le Muse [1989] letto da Lucia Ferrati - Urbinate per sempre","description":"Stampato per la prima volta sul \u201cCorriere della Sera\u201d il 12 luglio 1989, nelle pagine di viaggio, sotto il titolo: \"Visitare Urbino\", e quindi ripubblicato in \"Carlo Bo, Urbino\", \u201cil nuovo Leopardi\/ grafica\/8\u00b0\u201d, il testo dedicato a Federico di Montefeltro \u00e8 poi stato compreso nel volume: \"Carlo Bo, Parole sulla citt\u00e0 dell\u2019anima\", a cura di Gilberto Santini, Urbino, Assessorato alla Cultura 1997, e quindi in \"Carlo Bo, Citt\u00e0 dell\u2019anima. Scritti sulle Marche e i marchigiani\", a cura di Ursula Vogt, Ancona, Il lavoro editoriale 2000. Si tratta di una scrittura iconica, che qui cronologicamente si accompagner\u00e0 anche alla ricorrenza del compleanno del Duca Federico (7 giugno). Nell\u2019occasione del ventennale il testo \u00e8 affidato alla voce e al magistero di Lucia Ferrati, che da tempo si \u00e8 fatta interprete delle parole del grande, magnifico Rettore.","robots":{"index":"index","follow":"follow","max-snippet":"max-snippet:-1","max-image-preview":"max-image-preview:large","max-video-preview":"max-video-preview:-1"},"canonical":"https:\/\/eventi.uniurb.it\/urbinate-per-sempre\/home\/quando-federico-da-montefeltro-cerco-di-sedurre-le-muse-1989-letto-da-lucia-ferrati\/","og_locale":"it_IT","og_type":"article","og_title":"Quando Federico da Montefeltro cerc\u00f2 di sedurre le Muse [1989] letto da Lucia Ferrati - Urbinate per sempre","og_description":"Stampato per la prima volta sul \u201cCorriere della Sera\u201d il 12 luglio 1989, nelle pagine di viaggio, sotto il titolo: \"Visitare Urbino\", e quindi ripubblicato in \"Carlo Bo, Urbino\", \u201cil nuovo Leopardi\/ grafica\/8\u00b0\u201d, il testo dedicato a Federico di Montefeltro \u00e8 poi stato compreso nel volume: \"Carlo Bo, Parole sulla citt\u00e0 dell\u2019anima\", a cura di Gilberto Santini, Urbino, Assessorato alla Cultura 1997, e quindi in \"Carlo Bo, Citt\u00e0 dell\u2019anima. Scritti sulle Marche e i marchigiani\", a cura di Ursula Vogt, Ancona, Il lavoro editoriale 2000. Si tratta di una scrittura iconica, che qui cronologicamente si accompagner\u00e0 anche alla ricorrenza del compleanno del Duca Federico (7 giugno). Nell\u2019occasione del ventennale il testo \u00e8 affidato alla voce e al magistero di Lucia Ferrati, che da tempo si \u00e8 fatta interprete delle parole del grande, magnifico Rettore.","og_url":"https:\/\/eventi.uniurb.it\/urbinate-per-sempre\/home\/quando-federico-da-montefeltro-cerco-di-sedurre-le-muse-1989-letto-da-lucia-ferrati\/","og_site_name":"Urbinate per sempre","article_modified_time":"2021-05-30T16:03:56+00:00","og_image":[{"width":1920,"height":1080,"url":"https:\/\/eventi.uniurb.it\/urbinate-per-sempre\/wp-content\/uploads\/2021\/05\/urbinate-per-sempre.016.jpeg","type":"image\/jpeg"}],"twitter_card":"summary_large_image","twitter_misc":{"Tempo di lettura stimato":"8 minuti"},"schema":{"@context":"https:\/\/schema.org","@graph":[{"@type":"WebPage","@id":"https:\/\/eventi.uniurb.it\/urbinate-per-sempre\/home\/quando-federico-da-montefeltro-cerco-di-sedurre-le-muse-1989-letto-da-lucia-ferrati\/","url":"https:\/\/eventi.uniurb.it\/urbinate-per-sempre\/home\/quando-federico-da-montefeltro-cerco-di-sedurre-le-muse-1989-letto-da-lucia-ferrati\/","name":"Quando Federico da Montefeltro cerc\u00f2 di sedurre le Muse [1989] letto da Lucia Ferrati - Urbinate per sempre","isPartOf":{"@id":"https:\/\/eventi.uniurb.it\/urbinate-per-sempre\/#website"},"datePublished":"2021-05-25T09:00:53+00:00","dateModified":"2021-05-30T16:03:56+00:00","description":"Stampato per la prima volta sul \u201cCorriere della Sera\u201d il 12 luglio 1989, nelle pagine di viaggio, sotto il titolo: \"Visitare Urbino\", e quindi ripubblicato in \"Carlo Bo, Urbino\", \u201cil nuovo Leopardi\/ grafica\/8\u00b0\u201d, il testo dedicato a Federico di Montefeltro \u00e8 poi stato compreso nel volume: \"Carlo Bo, Parole sulla citt\u00e0 dell\u2019anima\", a cura di Gilberto Santini, Urbino, Assessorato alla Cultura 1997, e quindi in \"Carlo Bo, Citt\u00e0 dell\u2019anima. Scritti sulle Marche e i marchigiani\", a cura di Ursula Vogt, Ancona, Il lavoro editoriale 2000. Si tratta di una scrittura iconica, che qui cronologicamente si accompagner\u00e0 anche alla ricorrenza del compleanno del Duca Federico (7 giugno). Nell\u2019occasione del ventennale il testo \u00e8 affidato alla voce e al magistero di Lucia Ferrati, che da tempo si \u00e8 fatta interprete delle parole del grande, magnifico Rettore.","breadcrumb":{"@id":"https:\/\/eventi.uniurb.it\/urbinate-per-sempre\/home\/quando-federico-da-montefeltro-cerco-di-sedurre-le-muse-1989-letto-da-lucia-ferrati\/#breadcrumb"},"inLanguage":"it-IT","potentialAction":[{"@type":"ReadAction","target":["https:\/\/eventi.uniurb.it\/urbinate-per-sempre\/home\/quando-federico-da-montefeltro-cerco-di-sedurre-le-muse-1989-letto-da-lucia-ferrati\/"]}]},{"@type":"BreadcrumbList","@id":"https:\/\/eventi.uniurb.it\/urbinate-per-sempre\/home\/quando-federico-da-montefeltro-cerco-di-sedurre-le-muse-1989-letto-da-lucia-ferrati\/#breadcrumb","itemListElement":[{"@type":"ListItem","position":1,"name":"Home","item":"https:\/\/eventi.uniurb.it\/urbinate-per-sempre\/"},{"@type":"ListItem","position":2,"name":"Home","item":"https:\/\/eventi.uniurb.it\/urbinate-per-sempre\/"},{"@type":"ListItem","position":3,"name":"Quando Federico da Montefeltro cerc\u00f2 di sedurre le Muse [1989] letto da Lucia Ferrati"}]},{"@type":"WebSite","@id":"https:\/\/eventi.uniurb.it\/urbinate-per-sempre\/#website","url":"https:\/\/eventi.uniurb.it\/urbinate-per-sempre\/","name":"Urbinate per sempre","description":"Ideato e curato da Tiziana Mattioli, il progetto \u00e8 dedicato a Vilberto Stocchi che, da un lontano progetto condiviso con Giovanni Bogliolo, ne ha consentito ora la realizzazione, pur in tempi difficili.","potentialAction":[{"@type":"SearchAction","target":{"@type":"EntryPoint","urlTemplate":"https:\/\/eventi.uniurb.it\/urbinate-per-sempre\/?s={search_term_string}"},"query-input":"required name=search_term_string"}],"inLanguage":"it-IT"}]}},"_links":{"self":[{"href":"https:\/\/eventi.uniurb.it\/urbinate-per-sempre\/wp-json\/wp\/v2\/pages\/255522","targetHints":{"allow":["GET"]}}],"collection":[{"href":"https:\/\/eventi.uniurb.it\/urbinate-per-sempre\/wp-json\/wp\/v2\/pages"}],"about":[{"href":"https:\/\/eventi.uniurb.it\/urbinate-per-sempre\/wp-json\/wp\/v2\/types\/page"}],"author":[{"embeddable":true,"href":"https:\/\/eventi.uniurb.it\/urbinate-per-sempre\/wp-json\/wp\/v2\/users\/1"}],"replies":[{"embeddable":true,"href":"https:\/\/eventi.uniurb.it\/urbinate-per-sempre\/wp-json\/wp\/v2\/comments?post=255522"}],"version-history":[{"count":10,"href":"https:\/\/eventi.uniurb.it\/urbinate-per-sempre\/wp-json\/wp\/v2\/pages\/255522\/revisions"}],"predecessor-version":[{"id":255548,"href":"https:\/\/eventi.uniurb.it\/urbinate-per-sempre\/wp-json\/wp\/v2\/pages\/255522\/revisions\/255548"}],"up":[{"embeddable":true,"href":"https:\/\/eventi.uniurb.it\/urbinate-per-sempre\/wp-json\/wp\/v2\/pages\/8"}],"wp:featuredmedia":[{"embeddable":true,"href":"https:\/\/eventi.uniurb.it\/urbinate-per-sempre\/wp-json\/wp\/v2\/media\/255527"}],"wp:attachment":[{"href":"https:\/\/eventi.uniurb.it\/urbinate-per-sempre\/wp-json\/wp\/v2\/media?parent=255522"}],"curies":[{"name":"wp","href":"https:\/\/api.w.org\/{rel}","templated":true}]}}