{"id":255501,"date":"2021-04-25T09:22:00","date_gmt":"2021-04-25T09:22:00","guid":{"rendered":"https:\/\/eventi.uniurb.it\/urbinate-per-sempre\/?page_id=255501"},"modified":"2021-05-25T09:29:18","modified_gmt":"2021-05-25T09:29:18","slug":"urbino-albergo-italia-1997-letto-da-gilberto-santini","status":"publish","type":"page","link":"https:\/\/eventi.uniurb.it\/urbinate-per-sempre\/home\/urbino-albergo-italia-1997-letto-da-gilberto-santini\/","title":{"rendered":"Urbino, Albergo Italia [1997] letto da Gilberto Santini"},"content":{"rendered":"<p>[et_pb_section fb_built=&#8221;1&#8243; _builder_version=&#8221;4.7.2&#8243; _module_preset=&#8221;default&#8221; background_color=&#8221;#000000&#8243; background_enable_image=&#8221;off&#8221; custom_padding=&#8221;||30px||false|false&#8221;][et_pb_row column_structure=&#8221;1_4,1_2,1_4&#8243; _builder_version=&#8221;4.7.2&#8243; _module_preset=&#8221;default&#8221; custom_padding=&#8221;64px|||||&#8221;][et_pb_column type=&#8221;1_4&#8243; _builder_version=&#8221;4.7.2&#8243; _module_preset=&#8221;default&#8221;][\/et_pb_column][et_pb_column type=&#8221;1_2&#8243; _builder_version=&#8221;4.7.2&#8243; _module_preset=&#8221;default&#8221;][et_pb_text _builder_version=&#8221;4.7.2&#8243; _module_preset=&#8221;default&#8221; text_text_color=&#8221;#da3b26&#8243; header_text_color=&#8221;#ffffff&#8221; text_orientation=&#8221;center&#8221; module_alignment=&#8221;center&#8221;]<\/p>\n<h1 style=\"text-align: left;\">Urbino, Albergo Italia<\/h1>\n<h2 style=\"text-align: left;\"><span style=\"color: #da3b26;\"><span style=\"caret-color: #da3b26;\">L&#8217;Ateneo ricorda Carlo Bo\u00a0nell&#8217;anno ventennale della sua scomparsa.<\/span><\/span><\/h2>\n<p>[\/et_pb_text][et_pb_video src=&#8221;https:\/\/youtu.be\/LvGepj0tGmo&#8221; thumbnail_overlay_color=&#8221;rgba(0,0,0,0.6)&#8221; _builder_version=&#8221;4.7.2&#8243; _module_preset=&#8221;default&#8221;][\/et_pb_video][et_pb_text _builder_version=&#8221;4.7.2&#8243; _module_preset=&#8221;default&#8221; text_text_color=&#8221;#ffffff&#8221; text_font_size=&#8221;18px&#8221;]<\/p>\n<p><em>Vogliamo tentare un bilancio dei suoi rapporti con la citt\u00e0 di Urbino?<\/em><\/p>\n<p>Per capire Urbino non basta una vita. Certamente quando sono arrivato per la prima volta avevo un\u2019idea molto vaga e quindi \u00e8 stato nello stesso tempo una sorpresa anche un certo momento di stupefazione, perch\u00e9 venivo da un altro mondo, da un altro modo di vivere e Urbino era ancora una citt\u00e0 agricola.<\/p>\n<p>Poi c\u2019\u00e8 stato un salto; mi ci sono voluti molti anni per entrare nello spirito della citt\u00e0, della gente. E soprattutto nell\u2019ordine della storia.<\/p>\n<p>Mi sono trovato per caso a rimanerci a lungo, contro quella che era la regola comune, normale dei professori che venivano in Urbino. Ai miei tempi ci si stava un anno o due, poi si andava via. E invece, contro ogni abitudine, ho finito per passarci tutta la vita.<\/p>\n<p>Anche adesso, dopo tanti anni \u2013 perch\u00e9 sono arrivato nell\u2019ottobre del \u201938 \u2013 non ho ben chiaro in mente quello che ha significato nei secoli questa citt\u00e0, questa isola, questo mondo separato.<\/p>\n<p>Eppure qui batte il cuore dell\u2019Italia, c\u2019\u00e8 qualcosa che miracolosamente \u00e8 stato realizzato nei secoli passati e che adesso \u00e8 riassumibile, \u00e8 simboleggiato dal Palazzo Ducale. Intorno a questa idea, che \u00e8 un\u2019idea d\u2019arte, un\u2019idea di bellezza, di poesia (anche se in parte \u00e8 nata come un sistema di difesa, una citt\u00e0 d\u2019arme), attorno a questo nucleo poi si \u00e8 sviluppato anonimamente \u2013 con l\u2019intervento di tante persone, di tante generazioni che si sono susseguite \u2013 qualche cosa che continua ad appartenere sempre al regno dell\u2019arte, della poesia, dell\u2019intelligenza, in una parola sola dell\u2019anima.<\/p>\n<p>Nello stesso tempo c\u2019\u00e8 questo senso d\u2019isolamento che dura, questo modo di poter vedere da un piccolo osservatorio come Urbino quello che \u00e8 avvenuto in Italia nel secolo che sta per finire. Uno dei colleghi pi\u00f9 acuti che ho avuto in tanti anni di vita universitaria, il professor Fabio Cusin, diceva che Urbino rappresenta l\u2019Italia, che avrebbe dovuto diventarne la capitale. Ma questa era la visione di uno storico, di uno che conosceva molto bene quelli che sono i caratteri degli italiani, la lunga soluzione della nostra storia. Quindi \u00e8 soltanto un\u2019idea, ma in questo c\u2019\u00e8 qualche cosa di vero. Stando appunto cos\u00ec separati, cos\u00ec distanti, cos\u00ec arroccati su un colle, uno che ci viva, che ci sia nato, che abbia passato qui la sua vita e che sia stato dotato di capacit\u00e0 poetiche \u2013 per esempio Volponi \u2013 ecco che un individuo di questa specie \u00e8 in grado di andare al di l\u00e0 della storia e di vedere quello che si sarebbe potuto fare, quello che si \u00e8 fatto, quello che si \u00e8 perduto nei secoli e quello che, nonostante tutto, permane, resiste, respira.<\/p>\n<p>Quindi \u00e8 stata una seconda educazione, cos\u00ec diversa dalla prima, per me che venivo da un mondo pi\u00f9 organizzato, pi\u00f9 moderno. E anche oggi si assiste a questo paradosso, questo contrasto tra antico e nuovo; ma tutto viene poi risolto non solo nei tesori artistici della citt\u00e0, ma nella bellezza del paesaggio, delle colline, di questa luce stupenda che c\u2019\u00e8 nei giorni pi\u00f9 limpidi, pi\u00f9 chiari.<\/p>\n<p>Quindi c\u2019\u00e8 anche una parte di magia che non deve essere dimenticata quando si fa il calcolo, il bilancio di una vita passata in Urbino.<\/p>\n<p><em>Cosa significa vivere in una \u201ccitt\u00e0 dell\u2019anima\u201d?<\/em><\/p>\n<p>\u00c8 difficile rispondere. Penso sempre a un momento che ho vissuto una sera d\u2019estate.<\/p>\n<p>In questa lunga piazza deserta, c\u2019erano due turisti che erano venuti su dal Duomo e sono arrivati davanti all\u2019Universit\u00e0, erano un uomo e una donna. La donna ha detto \u201cnon c\u2019\u00e8 niente da vedere\u2026\u201d. E questo \u00e8 una specie di chiave per capire, almeno per farci capire che c\u2019\u00e8 tutto da vedere, perch\u00e9 proprio la citt\u00e0 frequentata a lungo, abitata a lungo, riserva delle soluzioni impensate e quindi genera dei sentimenti opposti di esaltazione e poi di abbandono.<\/p>\n<p>\u00c8 quindi difficile dire cosa bisogna fare. Io direi che l\u2019unica cosa \u00e8 di non tradire questa sua verit\u00e0, che \u00e8 una verit\u00e0 incomparabile. Bisogna essere prudenti e nello stesso tempo non accrescere questo stato di separazione, di isolamento, in modo da ristabilire una sorta di comunicazione tra Urbino e l\u2019Italia.<\/p>\n<p>Paradossalmente c\u2019\u00e8 infatti pi\u00f9 rapporto fra Urbino e le civilt\u00e0 straniere, le genti che vengono da fuori. Credo che si possa fare ancora un riferimento personale. Era venuto tanti anni fa un celebre filologo tedesco a fare un seminario e poi \u00e8 soggiornato a lungo all\u2019albergo \u201cItalia\u201d; quando si \u00e8 congedato e mi ha salutato, ha detto \u201cmi raccomando, l\u2019albergo rimanga cos\u00ec com\u2019\u00e8!\u201d. Questo poteva sembrare veramente uno scherzo. Ma che cosa intendeva dire questo studioso di eccezione? Intendeva dire che anche in un piccolo albergo, posto per\u00f2 sotto il Palazzo Ducale, era possibile, anzi si doveva continuare a sentire quello che passa sopra queste case, quello che passa sopra Valbona\u2026<\/p>\n<p>Le immagini sono tante.<span style=\"font-size: 14px;\">\u00a0<\/span><\/p>\n<p><em>Quali sono quelle che ha pi\u00f9 care?<\/em><em style=\"font-size: 14px;\">\u00a0<\/em><\/p>\n<p>In passato, quando andavo a mangiare appunto all\u2019albergo \u201cItalia\u201d, c\u2019era una finestra che dava sulla collina delle Vigne. Direi che ho passato l\u00ec i momenti di maggiore purezza lirica, di poesia vera. Per cui bastava guardare, basta guardare, anche adesso, nonostante tutto quello che \u00e8 stato costruito, per fortuna lontano dal centro storico.<\/p>\n<p>In fondo Urbino \u00e8 un\u2019invenzione poetica, della natura, del Creatore e di quello che in passato hanno saputo fare i grandi artisti che qui hanno lavorato, che hanno vissuto la citt\u00e0; anche gli umili, i costruttori di case che hanno sempre cercato di adattare le loro costruzioni al paesaggio senza rovinarlo, senza deturparlo.<span style=\"font-size: 14px;\">\u00a0<\/span><\/p>\n<p><em>\u00c8<\/em><em> questa l\u2019eredit\u00e0 ideale che occorre trasmettere alle nuove generazioni?<\/em><span style=\"font-size: 14px;\">\u00a0<\/span><\/p>\n<p>Probabilmente la necessit\u00e0 che hanno, a parte la difficolt\u00e0 di trovare lavoro, \u00e8 di capire quale grazia hanno avuto nascendo in un paese cos\u00ec bello. E proprio a questa grazia sono abituati: quello che a chi viene da fuori sembra un miracolo, invece per loro \u00e8 un dono quotidiano, naturale.<span style=\"font-size: 14px;\">\u00a0<\/span><\/p>\n<p><em>\u201cIo accetto la vita di Urbino e ne soffro\u201d, scriveva Volponi ne <\/em>La strada per Roma\u2026<span style=\"font-size: 14px;\">\u00a0<\/span><\/p>\n<p>La sua storia \u00e8 emblematica, perch\u00e9 nessuno pi\u00f9 di lui era dotato delle forze per capire. Per\u00f2 \u00e8 dovuto andare via, \u00e8 dovuto scappare.<\/p>\n<p>Comunque, alla fine, \u00e8 tornato.<\/p>\n<p>[\/et_pb_text][et_pb_text _builder_version=&#8221;4.7.2&#8243; _module_preset=&#8221;default&#8221;]<\/p>\n<p><span style=\"color: #ffffff;\">[ Questa narrazione \u00e8 di fatto una conversazione di Carlo Bo con Gilberto Santini, che qui la interpreta, registrata a Milano il 15 febbraio 1997, presso la casa di Bo, in occasione della prima pubblicazione, per i cinquant\u2019anni di rettorato, degli interventi dispersi o difficilmente reperibili dedicati dal Rettore alla citt\u00e0 di Urbino, e quindi alla comunit\u00e0 che con questa edizione: <em>Parole sulla citt\u00e0 dell\u2019anima<\/em>, a cura dallo stesso Santini, l\u2019Amministrazione Comunale ha voluto rappresentare. ]<\/span><\/p>\n<p><span style=\"color: #ffffff;\">Voce recitante: <strong>Gilberto Santini &#8211;\u00a0<\/strong>Fotografia: <strong>Bob Krieger<\/strong><\/span><\/p>\n<p>[\/et_pb_text][\/et_pb_column][et_pb_column type=&#8221;1_4&#8243; _builder_version=&#8221;4.7.2&#8243; _module_preset=&#8221;default&#8221;][\/et_pb_column][\/et_pb_row][\/et_pb_section]<\/p>\n","protected":false},"excerpt":{"rendered":"<p>Questa narrazione \u00e8 di fatto una conversazione di Carlo Bo con Gilberto Santini, che qui la interpreta, registrata a Milano il 15 febbraio 1997, presso la casa di Bo, in occasione della prima pubblicazione, per i cinquant\u2019anni di rettorato, degli interventi dispersi o difficilmente reperibili dedicati dal Rettore alla citt\u00e0 di Urbino, e quindi alla comunit\u00e0 che con questa edizione: Parole sulla citt\u00e0 dell\u2019anima, a cura dallo stesso Santini, l\u2019Amministrazione Comunale ha voluto rappresentare.<\/p>\n","protected":false},"author":1,"featured_media":255512,"parent":8,"menu_order":30,"comment_status":"closed","ping_status":"closed","template":"","meta":{"_et_pb_use_builder":"on","_et_pb_old_content":"","_et_gb_content_width":"","footnotes":""},"class_list":["post-255501","page","type-page","status-publish","has-post-thumbnail","hentry"],"yoast_head":"<!-- This site is optimized with the Yoast SEO plugin v20.12 - https:\/\/yoast.com\/wordpress\/plugins\/seo\/ -->\n<title>Urbino, Albergo Italia [1997] letto da Gilberto Santini - Urbinate per sempre<\/title>\n<meta name=\"description\" content=\"Questa narrazione \u00e8 di fatto una conversazione di Carlo Bo con Gilberto Santini, che qui la interpreta, registrata a Milano il 15 febbraio 1997, presso la casa di Bo, in occasione della prima pubblicazione, per i cinquant\u2019anni di rettorato, degli interventi dispersi o difficilmente reperibili dedicati dal Rettore alla citt\u00e0 di Urbino, e quindi alla comunit\u00e0 che con questa edizione: Parole sulla citt\u00e0 dell\u2019anima, a cura dallo stesso Santini, l\u2019Amministrazione Comunale ha voluto rappresentare.\" \/>\n<meta name=\"robots\" content=\"index, follow, max-snippet:-1, max-image-preview:large, max-video-preview:-1\" \/>\n<link rel=\"canonical\" href=\"https:\/\/eventi.uniurb.it\/urbinate-per-sempre\/home\/urbino-albergo-italia-1997-letto-da-gilberto-santini\/\" \/>\n<meta property=\"og:locale\" content=\"it_IT\" \/>\n<meta property=\"og:type\" content=\"article\" \/>\n<meta property=\"og:title\" content=\"Urbino, Albergo Italia [1997] letto da Gilberto Santini - Urbinate per sempre\" \/>\n<meta property=\"og:description\" content=\"Questa narrazione \u00e8 di fatto una conversazione di Carlo Bo con Gilberto Santini, che qui la interpreta, registrata a Milano il 15 febbraio 1997, presso la casa di Bo, in occasione della prima pubblicazione, per i cinquant\u2019anni di rettorato, degli interventi dispersi o difficilmente reperibili dedicati dal Rettore alla citt\u00e0 di Urbino, e quindi alla comunit\u00e0 che con questa edizione: Parole sulla citt\u00e0 dell\u2019anima, a cura dallo stesso Santini, l\u2019Amministrazione Comunale ha voluto rappresentare.\" \/>\n<meta property=\"og:url\" content=\"https:\/\/eventi.uniurb.it\/urbinate-per-sempre\/home\/urbino-albergo-italia-1997-letto-da-gilberto-santini\/\" \/>\n<meta property=\"og:site_name\" content=\"Urbinate per sempre\" \/>\n<meta property=\"article:modified_time\" content=\"2021-05-25T09:29:18+00:00\" \/>\n<meta property=\"og:image\" content=\"https:\/\/eventi.uniurb.it\/urbinate-per-sempre\/wp-content\/uploads\/2021\/04\/urbinate-per-sempre.015.png\" \/>\n\t<meta property=\"og:image:width\" content=\"1920\" \/>\n\t<meta property=\"og:image:height\" content=\"1080\" \/>\n\t<meta property=\"og:image:type\" content=\"image\/png\" \/>\n<meta name=\"twitter:card\" content=\"summary_large_image\" \/>\n<meta name=\"twitter:label1\" content=\"Tempo di lettura stimato\" \/>\n\t<meta name=\"twitter:data1\" content=\"6 minuti\" \/>\n<script type=\"application\/ld+json\" class=\"yoast-schema-graph\">{\"@context\":\"https:\/\/schema.org\",\"@graph\":[{\"@type\":\"WebPage\",\"@id\":\"https:\/\/eventi.uniurb.it\/urbinate-per-sempre\/home\/urbino-albergo-italia-1997-letto-da-gilberto-santini\/\",\"url\":\"https:\/\/eventi.uniurb.it\/urbinate-per-sempre\/home\/urbino-albergo-italia-1997-letto-da-gilberto-santini\/\",\"name\":\"Urbino, Albergo Italia [1997] letto da Gilberto Santini - Urbinate per sempre\",\"isPartOf\":{\"@id\":\"https:\/\/eventi.uniurb.it\/urbinate-per-sempre\/#website\"},\"datePublished\":\"2021-04-25T09:22:00+00:00\",\"dateModified\":\"2021-05-25T09:29:18+00:00\",\"description\":\"Questa narrazione \u00e8 di fatto una conversazione di Carlo Bo con Gilberto Santini, che qui la interpreta, registrata a Milano il 15 febbraio 1997, presso la casa di Bo, in occasione della prima pubblicazione, per i cinquant\u2019anni di rettorato, degli interventi dispersi o difficilmente reperibili dedicati dal Rettore alla citt\u00e0 di Urbino, e quindi alla comunit\u00e0 che con questa edizione: Parole sulla citt\u00e0 dell\u2019anima, a cura dallo stesso Santini, l\u2019Amministrazione Comunale ha voluto rappresentare.\",\"breadcrumb\":{\"@id\":\"https:\/\/eventi.uniurb.it\/urbinate-per-sempre\/home\/urbino-albergo-italia-1997-letto-da-gilberto-santini\/#breadcrumb\"},\"inLanguage\":\"it-IT\",\"potentialAction\":[{\"@type\":\"ReadAction\",\"target\":[\"https:\/\/eventi.uniurb.it\/urbinate-per-sempre\/home\/urbino-albergo-italia-1997-letto-da-gilberto-santini\/\"]}]},{\"@type\":\"BreadcrumbList\",\"@id\":\"https:\/\/eventi.uniurb.it\/urbinate-per-sempre\/home\/urbino-albergo-italia-1997-letto-da-gilberto-santini\/#breadcrumb\",\"itemListElement\":[{\"@type\":\"ListItem\",\"position\":1,\"name\":\"Home\",\"item\":\"https:\/\/eventi.uniurb.it\/urbinate-per-sempre\/\"},{\"@type\":\"ListItem\",\"position\":2,\"name\":\"Home\",\"item\":\"https:\/\/eventi.uniurb.it\/urbinate-per-sempre\/\"},{\"@type\":\"ListItem\",\"position\":3,\"name\":\"Urbino, Albergo Italia [1997] letto da Gilberto Santini\"}]},{\"@type\":\"WebSite\",\"@id\":\"https:\/\/eventi.uniurb.it\/urbinate-per-sempre\/#website\",\"url\":\"https:\/\/eventi.uniurb.it\/urbinate-per-sempre\/\",\"name\":\"Urbinate per sempre\",\"description\":\"Ideato e curato da Tiziana Mattioli, il progetto \u00e8 dedicato a Vilberto Stocchi che, da un lontano progetto condiviso con Giovanni Bogliolo, ne ha consentito ora la realizzazione, pur in tempi difficili.\",\"potentialAction\":[{\"@type\":\"SearchAction\",\"target\":{\"@type\":\"EntryPoint\",\"urlTemplate\":\"https:\/\/eventi.uniurb.it\/urbinate-per-sempre\/?s={search_term_string}\"},\"query-input\":\"required name=search_term_string\"}],\"inLanguage\":\"it-IT\"}]}<\/script>\n<!-- \/ Yoast SEO plugin. -->","yoast_head_json":{"title":"Urbino, Albergo Italia [1997] letto da Gilberto Santini - Urbinate per sempre","description":"Questa narrazione \u00e8 di fatto una conversazione di Carlo Bo con Gilberto Santini, che qui la interpreta, registrata a Milano il 15 febbraio 1997, presso la casa di Bo, in occasione della prima pubblicazione, per i cinquant\u2019anni di rettorato, degli interventi dispersi o difficilmente reperibili dedicati dal Rettore alla citt\u00e0 di Urbino, e quindi alla comunit\u00e0 che con questa edizione: Parole sulla citt\u00e0 dell\u2019anima, a cura dallo stesso Santini, l\u2019Amministrazione Comunale ha voluto rappresentare.","robots":{"index":"index","follow":"follow","max-snippet":"max-snippet:-1","max-image-preview":"max-image-preview:large","max-video-preview":"max-video-preview:-1"},"canonical":"https:\/\/eventi.uniurb.it\/urbinate-per-sempre\/home\/urbino-albergo-italia-1997-letto-da-gilberto-santini\/","og_locale":"it_IT","og_type":"article","og_title":"Urbino, Albergo Italia [1997] letto da Gilberto Santini - Urbinate per sempre","og_description":"Questa narrazione \u00e8 di fatto una conversazione di Carlo Bo con Gilberto Santini, che qui la interpreta, registrata a Milano il 15 febbraio 1997, presso la casa di Bo, in occasione della prima pubblicazione, per i cinquant\u2019anni di rettorato, degli interventi dispersi o difficilmente reperibili dedicati dal Rettore alla citt\u00e0 di Urbino, e quindi alla comunit\u00e0 che con questa edizione: Parole sulla citt\u00e0 dell\u2019anima, a cura dallo stesso Santini, l\u2019Amministrazione Comunale ha voluto rappresentare.","og_url":"https:\/\/eventi.uniurb.it\/urbinate-per-sempre\/home\/urbino-albergo-italia-1997-letto-da-gilberto-santini\/","og_site_name":"Urbinate per sempre","article_modified_time":"2021-05-25T09:29:18+00:00","og_image":[{"width":1920,"height":1080,"url":"https:\/\/eventi.uniurb.it\/urbinate-per-sempre\/wp-content\/uploads\/2021\/04\/urbinate-per-sempre.015.png","type":"image\/png"}],"twitter_card":"summary_large_image","twitter_misc":{"Tempo di lettura stimato":"6 minuti"},"schema":{"@context":"https:\/\/schema.org","@graph":[{"@type":"WebPage","@id":"https:\/\/eventi.uniurb.it\/urbinate-per-sempre\/home\/urbino-albergo-italia-1997-letto-da-gilberto-santini\/","url":"https:\/\/eventi.uniurb.it\/urbinate-per-sempre\/home\/urbino-albergo-italia-1997-letto-da-gilberto-santini\/","name":"Urbino, Albergo Italia [1997] letto da Gilberto Santini - Urbinate per sempre","isPartOf":{"@id":"https:\/\/eventi.uniurb.it\/urbinate-per-sempre\/#website"},"datePublished":"2021-04-25T09:22:00+00:00","dateModified":"2021-05-25T09:29:18+00:00","description":"Questa narrazione \u00e8 di fatto una conversazione di Carlo Bo con Gilberto Santini, che qui la interpreta, registrata a Milano il 15 febbraio 1997, presso la casa di Bo, in occasione della prima pubblicazione, per i cinquant\u2019anni di rettorato, degli interventi dispersi o difficilmente reperibili dedicati dal Rettore alla citt\u00e0 di Urbino, e quindi alla comunit\u00e0 che con questa edizione: Parole sulla citt\u00e0 dell\u2019anima, a cura dallo stesso Santini, l\u2019Amministrazione Comunale ha voluto rappresentare.","breadcrumb":{"@id":"https:\/\/eventi.uniurb.it\/urbinate-per-sempre\/home\/urbino-albergo-italia-1997-letto-da-gilberto-santini\/#breadcrumb"},"inLanguage":"it-IT","potentialAction":[{"@type":"ReadAction","target":["https:\/\/eventi.uniurb.it\/urbinate-per-sempre\/home\/urbino-albergo-italia-1997-letto-da-gilberto-santini\/"]}]},{"@type":"BreadcrumbList","@id":"https:\/\/eventi.uniurb.it\/urbinate-per-sempre\/home\/urbino-albergo-italia-1997-letto-da-gilberto-santini\/#breadcrumb","itemListElement":[{"@type":"ListItem","position":1,"name":"Home","item":"https:\/\/eventi.uniurb.it\/urbinate-per-sempre\/"},{"@type":"ListItem","position":2,"name":"Home","item":"https:\/\/eventi.uniurb.it\/urbinate-per-sempre\/"},{"@type":"ListItem","position":3,"name":"Urbino, Albergo Italia [1997] letto da Gilberto Santini"}]},{"@type":"WebSite","@id":"https:\/\/eventi.uniurb.it\/urbinate-per-sempre\/#website","url":"https:\/\/eventi.uniurb.it\/urbinate-per-sempre\/","name":"Urbinate per sempre","description":"Ideato e curato da Tiziana Mattioli, il progetto \u00e8 dedicato a Vilberto Stocchi che, da un lontano progetto condiviso con Giovanni Bogliolo, ne ha consentito ora la realizzazione, pur in tempi difficili.","potentialAction":[{"@type":"SearchAction","target":{"@type":"EntryPoint","urlTemplate":"https:\/\/eventi.uniurb.it\/urbinate-per-sempre\/?s={search_term_string}"},"query-input":"required name=search_term_string"}],"inLanguage":"it-IT"}]}},"_links":{"self":[{"href":"https:\/\/eventi.uniurb.it\/urbinate-per-sempre\/wp-json\/wp\/v2\/pages\/255501","targetHints":{"allow":["GET"]}}],"collection":[{"href":"https:\/\/eventi.uniurb.it\/urbinate-per-sempre\/wp-json\/wp\/v2\/pages"}],"about":[{"href":"https:\/\/eventi.uniurb.it\/urbinate-per-sempre\/wp-json\/wp\/v2\/types\/page"}],"author":[{"embeddable":true,"href":"https:\/\/eventi.uniurb.it\/urbinate-per-sempre\/wp-json\/wp\/v2\/users\/1"}],"replies":[{"embeddable":true,"href":"https:\/\/eventi.uniurb.it\/urbinate-per-sempre\/wp-json\/wp\/v2\/comments?post=255501"}],"version-history":[{"count":8,"href":"https:\/\/eventi.uniurb.it\/urbinate-per-sempre\/wp-json\/wp\/v2\/pages\/255501\/revisions"}],"predecessor-version":[{"id":255513,"href":"https:\/\/eventi.uniurb.it\/urbinate-per-sempre\/wp-json\/wp\/v2\/pages\/255501\/revisions\/255513"}],"up":[{"embeddable":true,"href":"https:\/\/eventi.uniurb.it\/urbinate-per-sempre\/wp-json\/wp\/v2\/pages\/8"}],"wp:featuredmedia":[{"embeddable":true,"href":"https:\/\/eventi.uniurb.it\/urbinate-per-sempre\/wp-json\/wp\/v2\/media\/255512"}],"wp:attachment":[{"href":"https:\/\/eventi.uniurb.it\/urbinate-per-sempre\/wp-json\/wp\/v2\/media?parent=255501"}],"curies":[{"name":"wp","href":"https:\/\/api.w.org\/{rel}","templated":true}]}}