{"id":2,"date":"2016-05-10T03:48:21","date_gmt":"2016-05-10T03:48:21","guid":{"rendered":"http:\/\/eventi.uniurb.it\/spritz\/?page_id=2"},"modified":"2018-09-19T15:59:35","modified_gmt":"2018-09-19T14:59:35","slug":"sample-page","status":"publish","type":"page","link":"https:\/\/eventi.uniurb.it\/spritz\/","title":{"rendered":"Home"},"content":{"rendered":"<p>[et_pb_section fb_built=&#8221;1&#8243; background_color=&#8221;rgba(0,0,0,0.76)&#8221; _builder_version=&#8221;3.0.106&#8243; background_image=&#8221;https:\/\/eventi.uniurb.it\/spritz\/wp-content\/uploads\/2018\/04\/elementi-1.png&#8221; custom_padding=&#8221;40px|0px|25px|0px&#8221;][et_pb_row disabled_on=&#8221;on|off|off&#8221; _builder_version=&#8221;3.0.106&#8243;][et_pb_column type=&#8221;4_4&#8243; _builder_version=&#8221;3.0.47&#8243; parallax=&#8221;off&#8221; parallax_method=&#8221;on&#8221;][et_pb_text _builder_version=&#8221;3.0.106&#8243;]<\/p>\n<h1 style=\"text-align: center;\"><span style=\"color: #ffffff;\">Ogni gioved\u00ec sera <span style=\"text-decoration: underline;\">scienza, cultura e attualit\u00e0<\/span> firmate UniUrb<\/span><\/h1>\n<p>[\/et_pb_text][\/et_pb_column][\/et_pb_row][et_pb_row disabled_on=&#8221;off|on|on&#8221; _builder_version=&#8221;3.0.106&#8243;][et_pb_column type=&#8221;4_4&#8243; _builder_version=&#8221;3.0.47&#8243; parallax=&#8221;off&#8221; parallax_method=&#8221;on&#8221;][et_pb_text _builder_version=&#8221;3.0.106&#8243;]<\/p>\n<h3 style=\"text-align: center;\"><span style=\"color: #ffffff;\">Ogni gioved\u00ec sera <span style=\"text-decoration: underline;\">scienza, cultura e attualit\u00e0<\/span> firmate UniUrb<\/span><\/h3>\n<p>[\/et_pb_text][\/et_pb_column][\/et_pb_row][\/et_pb_section][et_pb_section fb_built=&#8221;1&#8243; _builder_version=&#8221;3.0.106&#8243; background_image=&#8221;https:\/\/eventi.uniurb.it\/spritz\/wp-content\/uploads\/2018\/04\/uniurbspritz.jpg&#8221; background_video_mp4=&#8221;https:\/\/eventi.uniurb.it\/spritz\/wp-content\/uploads\/2018\/04\/uniurbspritz_540.mp4.mp4&#8243; background_video_webm=&#8221;https:\/\/eventi.uniurb.it\/spritz\/wp-content\/uploads\/2018\/04\/uniurbspritz_540.webmsd.webm&#8221; custom_padding=&#8221;0|0px|0|0px&#8221;][et_pb_row _builder_version=&#8221;3.0.106&#8243; background_size=&#8221;initial&#8221; background_position=&#8221;top_left&#8221; background_repeat=&#8221;repeat&#8221;][et_pb_column type=&#8221;4_4&#8243; _builder_version=&#8221;3.0.47&#8243; parallax=&#8221;off&#8221; parallax_method=&#8221;on&#8221;][et_pb_image src=&#8221;https:\/\/eventi.uniurb.it\/spritz\/wp-content\/uploads\/2018\/04\/uniurb_spritz_solo3.png&#8221; _builder_version=&#8221;3.0.106&#8243;]\u00a0<br \/>\n[\/et_pb_image][\/et_pb_column][\/et_pb_row][\/et_pb_section][et_pb_section fb_built=&#8221;1&#8243; _builder_version=&#8221;3.0.106&#8243; custom_padding=&#8221;50px|0|23px|0px&#8221;][et_pb_row _builder_version=&#8221;3.0.106&#8243;][et_pb_column type=&#8221;4_4&#8243; _builder_version=&#8221;3.0.47&#8243; parallax=&#8221;off&#8221; parallax_method=&#8221;on&#8221;][et_pb_text _builder_version=&#8221;3.0.106&#8243;]<\/p>\n<h2><span style=\"color: rgba(0, 0, 0, 0.709804);\"><span style=\"caret-color: rgba(0, 0, 0, 0.709804);\">L&#8217;iniziativa<\/span><\/span><\/h2>\n<p>[\/et_pb_text][et_pb_text _builder_version=&#8221;3.0.106&#8243;]<\/p>\n<p style=\"text-align: left;\"><span style=\"font-size: large; color: rgba(0, 0, 0, 0.709804);\"><strong>UniUrb Spritz \u00e8 un&#8217;iniziativa di divulgazione scientifica e culturale informale<\/strong>, promossa dall&#8217;Universit\u00e0 di Urbino in collaborazione con Comune di Urbino, Confesercenti PU, Confcommercio PU e Associazione Commercianti Urbino.<\/span><\/p>\n<p style=\"text-align: left;\"><span style=\"font-size: large; color: rgba(0, 0, 0, 0.709804);\">Tutti i gioved\u00ec sera, professori e ricercatori universitari parleranno dei principali argomenti di ricerca e attualit\u00e0 prendendo un aperitivo con studenti, cittadini e turisti.<\/span><\/p>\n<p>[\/et_pb_text][\/et_pb_column][\/et_pb_row][\/et_pb_section][et_pb_section fb_built=&#8221;1&#8243; background_color=&#8221;rgba(0,0,0,0.7)&#8221; _builder_version=&#8221;3.0.106&#8243; custom_padding=&#8221;54px|0px|0|0px&#8221;][et_pb_row custom_padding=&#8221;27px|0px|0|0px&#8221; _builder_version=&#8221;3.0.106&#8243;][et_pb_column type=&#8221;4_4&#8243; _builder_version=&#8221;3.0.47&#8243; parallax=&#8221;off&#8221; parallax_method=&#8221;on&#8221;][et_pb_text _builder_version=&#8221;3.0.106&#8243;]<\/p>\n<h3><span style=\"color: #ffffff;\">Appuntamenti\u00a0<\/span><\/h3>\n<p>[\/et_pb_text][\/et_pb_column][\/et_pb_row][et_pb_row _builder_version=&#8221;3.0.106&#8243;][et_pb_column type=&#8221;4_4&#8243; _builder_version=&#8221;3.0.47&#8243; parallax=&#8221;off&#8221; parallax_method=&#8221;on&#8221;][et_pb_blog fullwidth=&#8221;off&#8221; posts_number=&#8221;25&#8243; include_categories=&#8221;1&#8243; show_more=&#8221;on&#8221; show_author=&#8221;off&#8221; show_date=&#8221;off&#8221; show_categories=&#8221;off&#8221; show_pagination=&#8221;off&#8221; offset_number=&#8221;0&#8243; admin_label=&#8221;Appuntamenti&#8221; _builder_version=&#8221;3.0.106&#8243; pagination_font_size_tablet=&#8221;51&#8243; pagination_line_height_tablet=&#8221;2&#8243;]\u00a0<br \/>\n[\/et_pb_blog][\/et_pb_column][\/et_pb_row][\/et_pb_section][et_pb_section fb_built=&#8221;1&#8243; background_color=&#8221;rgba(224,153,0,0.22)&#8221; _builder_version=&#8221;3.0.106&#8243; background_image=&#8221;https:\/\/eventi.uniurb.it\/spritz\/wp-content\/uploads\/2018\/04\/elementi.png&#8221; custom_padding=&#8221;54px|0px|0|0px&#8221;][et_pb_row custom_padding=&#8221;27px|0px|0|0px&#8221; _builder_version=&#8221;3.0.106&#8243;][et_pb_column type=&#8221;4_4&#8243; _builder_version=&#8221;3.0.47&#8243; parallax=&#8221;off&#8221; parallax_method=&#8221;on&#8221;][et_pb_text _builder_version=&#8221;3.0.106&#8243;]<\/p>\n<h3><span style=\"color: rgba(0, 0, 0, 0.85098);\">Prossimamente<\/span><\/h3>\n<p>[\/et_pb_text][\/et_pb_column][\/et_pb_row][et_pb_row _builder_version=&#8221;3.0.106&#8243;][et_pb_column type=&#8221;4_4&#8243; _builder_version=&#8221;3.0.47&#8243; parallax=&#8221;off&#8221; parallax_method=&#8221;on&#8221;][et_pb_text _builder_version=&#8221;3.0.106&#8243;]<\/p>\n<ul>\n<li><span style=\"font-size: 14px;\">Alessandro Bogliolo \u2014\u00a0<\/span><strong style=\"font-size: 14px;\">Siamo tutti nativi digitali e ne ho le prove<\/strong><\/li>\n<\/ul>\n<p>&nbsp;<\/p>\n<p>[\/et_pb_text][\/et_pb_column][\/et_pb_row][\/et_pb_section][et_pb_section fb_built=&#8221;1&#8243; background_color=&#8221;rgba(0,0,0,0.06)&#8221; _builder_version=&#8221;3.0.106&#8243; custom_padding=&#8221;50px|0|50px|0px&#8221;][et_pb_row custom_padding=&#8221;27px|0px|0|0px&#8221; _builder_version=&#8221;3.0.106&#8243;][et_pb_column type=&#8221;4_4&#8243; _builder_version=&#8221;3.0.47&#8243; parallax=&#8221;off&#8221; parallax_method=&#8221;on&#8221;][et_pb_text _builder_version=&#8221;3.0.106&#8243;]<\/p>\n<h2><span style=\"color: rgba(0, 0, 0, 0.709804);\">Conferenza Stampa<\/span><\/h2>\n<p>[\/et_pb_text][\/et_pb_column][\/et_pb_row][et_pb_row custom_padding=&#8221;27px|0px|26px|0px&#8221; _builder_version=&#8221;3.0.106&#8243;][et_pb_column type=&#8221;1_2&#8243; _builder_version=&#8221;3.0.47&#8243; parallax=&#8221;off&#8221; parallax_method=&#8221;on&#8221;][et_pb_code _builder_version=&#8221;3.0.106&#8243;]&lt;iframe src=&quot;https:\/\/www.facebook.com\/plugins\/video.php?href=https%3A%2F%2Fwww.facebook.com%2Funiurbit%2Fvideos%2F1895359687143094%2F&amp;show_text=0&amp;width=560&quot; width=&quot;560&quot; height=&quot;315&quot; style=&quot;border:none;overflow:hidden&quot; scrolling=&quot;no&quot; frameborder=&quot;0&quot; allowTransparency=&quot;true&quot; allowFullScreen=&quot;true&quot;&gt;&lt;\/iframe&gt;[\/et_pb_code][\/et_pb_column][et_pb_column type=&#8221;1_2&#8243; _builder_version=&#8221;3.0.47&#8243; parallax=&#8221;off&#8221; parallax_method=&#8221;on&#8221;][et_pb_text _builder_version=&#8221;3.0.106&#8243;]<b>Venerd\u00ec 20 aprile <\/b>2018, alle<b> ore 11<\/b>, presso la <b>Sala del Consiglio di Palazzo Battiferri<\/b> in <a href=\"https:\/\/maps.google.com\/?q=via+Saffi,+42,+l&amp;entry=gmail&amp;source=g\">via Saffi, 42<\/a> l&#8217;Universit\u00e0 di Urbino presenter\u00e0 al pubblico e alla stampa l&#8217;iniziativa <b>UniUrb Spritz, aperitivo con la scienza<\/b>.<\/p>\n<p><span style=\"font-size: 14px;\">Dal 26 aprile, ogni gioved\u00ec sera alle 19, professori e ricercatori dell&#8217;Universit\u00e0 di Urbino incontreranno cittadini, studenti e turisti nei bar della citt\u00e0 per parlare di scienza, cultura e attualit\u00e0 prendendo un aperitivo nell&#8217;atmosfera accogliente e frizzante del centro storico nelle serate di primavera.<\/span><\/p>\n<p><span style=\"font-size: 14px;\">UniUrb Spritz \u00e8 un&#8217;inziativa di divulgazione culturale informale, promossa dall&#8217;Universit\u00e0 di Urbino con il patrocinio dell&#8217;Amministrazione comunale e la partecipazione attiva di Confocommercio di Pesaro e Urbino, Confesercenti di Pesaro e Urbino e Associazione Commercianti di Urbino.<\/span><br \/>\n[\/et_pb_text][\/et_pb_column][\/et_pb_row][\/et_pb_section][et_pb_section fb_built=&#8221;1&#8243; _builder_version=&#8221;3.0.106&#8243;][et_pb_row disabled_on=&#8221;on|off|off&#8221; _builder_version=&#8221;3.0.106&#8243;][et_pb_column type=&#8221;1_3&#8243; _builder_version=&#8221;3.0.47&#8243; parallax=&#8221;off&#8221; parallax_method=&#8221;on&#8221;][et_pb_image src=&#8221;https:\/\/eventi.uniurb.it\/spritz\/wp-content\/uploads\/2018\/04\/uniurb.png&#8221; _builder_version=&#8221;3.0.106&#8243;]\u00a0<br \/>\n[\/et_pb_image][\/et_pb_column][et_pb_column type=&#8221;2_3&#8243; _builder_version=&#8221;3.0.47&#8243; parallax=&#8221;off&#8221; parallax_method=&#8221;on&#8221;][et_pb_image src=&#8221;https:\/\/eventi.uniurb.it\/spritz\/wp-content\/uploads\/2018\/04\/esercenti.png&#8221; _builder_version=&#8221;3.0.106&#8243;]\u00a0<br \/>\n[\/et_pb_image][\/et_pb_column][\/et_pb_row][et_pb_row disabled_on=&#8221;off|on|on&#8221; _builder_version=&#8221;3.0.106&#8243;][et_pb_column type=&#8221;4_4&#8243; _builder_version=&#8221;3.0.47&#8243; parallax=&#8221;off&#8221; parallax_method=&#8221;on&#8221;][et_pb_image src=&#8221;https:\/\/eventi.uniurb.it\/spritz\/wp-content\/uploads\/2018\/04\/loghi.png&#8221; _builder_version=&#8221;3.0.106&#8243;]\u00a0<br \/>\n[\/et_pb_image][\/et_pb_column][\/et_pb_row][\/et_pb_section]<\/p>\n","protected":false},"excerpt":{"rendered":"<p>[et_pb_section fb_built=&#8221;1&#8243; background_color=&#8221;rgba(0,0,0,0.76)&#8221; _builder_version=&#8221;3.0.106&#8243; background_image=&#8221;https:\/\/eventi.uniurb.it\/spritz\/wp-content\/uploads\/2018\/04\/elementi-1.png&#8221; custom_padding=&#8221;40px|0px|25px|0px&#8221;][et_pb_row disabled_on=&#8221;on|off|off&#8221; _builder_version=&#8221;3.0.106&#8243;][et_pb_column type=&#8221;4_4&#8243; _builder_version=&#8221;3.0.47&#8243; parallax=&#8221;off&#8221; parallax_method=&#8221;on&#8221;][et_pb_text _builder_version=&#8221;3.0.106&#8243;] Ogni gioved\u00ec sera scienza, cultura e attualit\u00e0 firmate UniUrb [\/et_pb_text][\/et_pb_column][\/et_pb_row][et_pb_row disabled_on=&#8221;off|on|on&#8221; _builder_version=&#8221;3.0.106&#8243;][et_pb_column type=&#8221;4_4&#8243; _builder_version=&#8221;3.0.47&#8243; parallax=&#8221;off&#8221; parallax_method=&#8221;on&#8221;][et_pb_text _builder_version=&#8221;3.0.106&#8243;] Ogni gioved\u00ec sera scienza, cultura e attualit\u00e0 firmate UniUrb [\/et_pb_text][\/et_pb_column][\/et_pb_row][\/et_pb_section][et_pb_section fb_built=&#8221;1&#8243; _builder_version=&#8221;3.0.106&#8243; background_image=&#8221;https:\/\/eventi.uniurb.it\/spritz\/wp-content\/uploads\/2018\/04\/uniurbspritz.jpg&#8221; background_video_mp4=&#8221;https:\/\/eventi.uniurb.it\/spritz\/wp-content\/uploads\/2018\/04\/uniurbspritz_540.mp4.mp4&#8243; background_video_webm=&#8221;https:\/\/eventi.uniurb.it\/spritz\/wp-content\/uploads\/2018\/04\/uniurbspritz_540.webmsd.webm&#8221; custom_padding=&#8221;0|0px|0|0px&#8221;][et_pb_row _builder_version=&#8221;3.0.106&#8243; background_size=&#8221;initial&#8221; background_position=&#8221;top_left&#8221; background_repeat=&#8221;repeat&#8221;][et_pb_column type=&#8221;4_4&#8243; _builder_version=&#8221;3.0.47&#8243; parallax=&#8221;off&#8221; parallax_method=&#8221;on&#8221;][et_pb_image src=&#8221;https:\/\/eventi.uniurb.it\/spritz\/wp-content\/uploads\/2018\/04\/uniurb_spritz_solo3.png&#8221; [&hellip;]<\/p>\n","protected":false},"author":1,"featured_media":0,"parent":0,"menu_order":100,"comment_status":"closed","ping_status":"closed","template":"","meta":{"_et_pb_use_builder":"on","_et_pb_old_content":"","footnotes":""},"class_list":["post-2","page","type-page","status-publish","hentry"],"yoast_head":"<!-- This site is optimized with the Yoast SEO plugin v20.12 - https:\/\/yoast.com\/wordpress\/plugins\/seo\/ -->\n<title>Home - UniurbSpritz<\/title>\n<meta name=\"robots\" content=\"index, follow, max-snippet:-1, max-image-preview:large, max-video-preview:-1\" \/>\n<link rel=\"canonical\" href=\"https:\/\/eventi.uniurb.it\/spritz\/\" \/>\n<meta property=\"og:locale\" content=\"it_IT\" \/>\n<meta property=\"og:type\" content=\"article\" \/>\n<meta property=\"og:title\" content=\"Home - UniurbSpritz\" \/>\n<meta property=\"og:description\" content=\"[et_pb_section fb_built=&#8221;1&#8243; background_color=&#8221;rgba(0,0,0,0.76)&#8221; _builder_version=&#8221;3.0.106&#8243; background_image=&#8221;https:\/\/eventi.uniurb.it\/spritz\/wp-content\/uploads\/2018\/04\/elementi-1.png&#8221; custom_padding=&#8221;40px|0px|25px|0px&#8221;][et_pb_row disabled_on=&#8221;on|off|off&#8221; _builder_version=&#8221;3.0.106&#8243;][et_pb_column type=&#8221;4_4&#8243; _builder_version=&#8221;3.0.47&#8243; parallax=&#8221;off&#8221; parallax_method=&#8221;on&#8221;][et_pb_text _builder_version=&#8221;3.0.106&#8243;] Ogni gioved\u00ec sera scienza, cultura e attualit\u00e0 firmate UniUrb [\/et_pb_text][\/et_pb_column][\/et_pb_row][et_pb_row disabled_on=&#8221;off|on|on&#8221; _builder_version=&#8221;3.0.106&#8243;][et_pb_column type=&#8221;4_4&#8243; _builder_version=&#8221;3.0.47&#8243; parallax=&#8221;off&#8221; parallax_method=&#8221;on&#8221;][et_pb_text _builder_version=&#8221;3.0.106&#8243;] Ogni gioved\u00ec sera scienza, cultura e attualit\u00e0 firmate UniUrb [\/et_pb_text][\/et_pb_column][\/et_pb_row][\/et_pb_section][et_pb_section fb_built=&#8221;1&#8243; _builder_version=&#8221;3.0.106&#8243; background_image=&#8221;https:\/\/eventi.uniurb.it\/spritz\/wp-content\/uploads\/2018\/04\/uniurbspritz.jpg&#8221; background_video_mp4=&#8221;https:\/\/eventi.uniurb.it\/spritz\/wp-content\/uploads\/2018\/04\/uniurbspritz_540.mp4.mp4&#8243; background_video_webm=&#8221;https:\/\/eventi.uniurb.it\/spritz\/wp-content\/uploads\/2018\/04\/uniurbspritz_540.webmsd.webm&#8221; custom_padding=&#8221;0|0px|0|0px&#8221;][et_pb_row _builder_version=&#8221;3.0.106&#8243; background_size=&#8221;initial&#8221; background_position=&#8221;top_left&#8221; background_repeat=&#8221;repeat&#8221;][et_pb_column type=&#8221;4_4&#8243; _builder_version=&#8221;3.0.47&#8243; parallax=&#8221;off&#8221; parallax_method=&#8221;on&#8221;][et_pb_image src=&#8221;https:\/\/eventi.uniurb.it\/spritz\/wp-content\/uploads\/2018\/04\/uniurb_spritz_solo3.png&#8221; [&hellip;]\" \/>\n<meta property=\"og:url\" content=\"https:\/\/eventi.uniurb.it\/spritz\/\" \/>\n<meta property=\"og:site_name\" content=\"UniurbSpritz\" \/>\n<meta property=\"article:modified_time\" content=\"2018-09-19T14:59:35+00:00\" \/>\n<meta name=\"twitter:card\" content=\"summary_large_image\" \/>\n<meta name=\"twitter:label1\" content=\"Tempo di lettura stimato\" \/>\n\t<meta name=\"twitter:data1\" content=\"5 minuti\" \/>\n<script type=\"application\/ld+json\" class=\"yoast-schema-graph\">{\"@context\":\"https:\/\/schema.org\",\"@graph\":[{\"@type\":\"WebPage\",\"@id\":\"https:\/\/eventi.uniurb.it\/spritz\/\",\"url\":\"https:\/\/eventi.uniurb.it\/spritz\/\",\"name\":\"Home - UniurbSpritz\",\"isPartOf\":{\"@id\":\"https:\/\/eventi.uniurb.it\/spritz\/#website\"},\"datePublished\":\"2016-05-10T03:48:21+00:00\",\"dateModified\":\"2018-09-19T14:59:35+00:00\",\"breadcrumb\":{\"@id\":\"https:\/\/eventi.uniurb.it\/spritz\/#breadcrumb\"},\"inLanguage\":\"it-IT\",\"potentialAction\":[{\"@type\":\"ReadAction\",\"target\":[\"https:\/\/eventi.uniurb.it\/spritz\/\"]}]},{\"@type\":\"BreadcrumbList\",\"@id\":\"https:\/\/eventi.uniurb.it\/spritz\/#breadcrumb\",\"itemListElement\":[{\"@type\":\"ListItem\",\"position\":1,\"name\":\"Home\",\"item\":\"https:\/\/eventi.uniurb.it\/spritz\/\"},{\"@type\":\"ListItem\",\"position\":2,\"name\":\"Home\"}]},{\"@type\":\"WebSite\",\"@id\":\"https:\/\/eventi.uniurb.it\/spritz\/#website\",\"url\":\"https:\/\/eventi.uniurb.it\/spritz\/\",\"name\":\"UniurbSpritz\",\"description\":\"Ogni gioved\u00ec sera scienza, cultura, e attualit\u00e0 firmate UniUrb\",\"potentialAction\":[{\"@type\":\"SearchAction\",\"target\":{\"@type\":\"EntryPoint\",\"urlTemplate\":\"https:\/\/eventi.uniurb.it\/spritz\/?s={search_term_string}\"},\"query-input\":\"required name=search_term_string\"}],\"inLanguage\":\"it-IT\"}]}<\/script>\n<!-- \/ Yoast SEO plugin. -->","yoast_head_json":{"title":"Home - UniurbSpritz","robots":{"index":"index","follow":"follow","max-snippet":"max-snippet:-1","max-image-preview":"max-image-preview:large","max-video-preview":"max-video-preview:-1"},"canonical":"https:\/\/eventi.uniurb.it\/spritz\/","og_locale":"it_IT","og_type":"article","og_title":"Home - UniurbSpritz","og_description":"[et_pb_section fb_built=&#8221;1&#8243; background_color=&#8221;rgba(0,0,0,0.76)&#8221; _builder_version=&#8221;3.0.106&#8243; background_image=&#8221;https:\/\/eventi.uniurb.it\/spritz\/wp-content\/uploads\/2018\/04\/elementi-1.png&#8221; custom_padding=&#8221;40px|0px|25px|0px&#8221;][et_pb_row disabled_on=&#8221;on|off|off&#8221; _builder_version=&#8221;3.0.106&#8243;][et_pb_column type=&#8221;4_4&#8243; _builder_version=&#8221;3.0.47&#8243; parallax=&#8221;off&#8221; parallax_method=&#8221;on&#8221;][et_pb_text _builder_version=&#8221;3.0.106&#8243;] Ogni gioved\u00ec sera scienza, cultura e attualit\u00e0 firmate UniUrb [\/et_pb_text][\/et_pb_column][\/et_pb_row][et_pb_row disabled_on=&#8221;off|on|on&#8221; _builder_version=&#8221;3.0.106&#8243;][et_pb_column type=&#8221;4_4&#8243; _builder_version=&#8221;3.0.47&#8243; parallax=&#8221;off&#8221; parallax_method=&#8221;on&#8221;][et_pb_text _builder_version=&#8221;3.0.106&#8243;] Ogni gioved\u00ec sera scienza, cultura e attualit\u00e0 firmate UniUrb [\/et_pb_text][\/et_pb_column][\/et_pb_row][\/et_pb_section][et_pb_section fb_built=&#8221;1&#8243; _builder_version=&#8221;3.0.106&#8243; background_image=&#8221;https:\/\/eventi.uniurb.it\/spritz\/wp-content\/uploads\/2018\/04\/uniurbspritz.jpg&#8221; background_video_mp4=&#8221;https:\/\/eventi.uniurb.it\/spritz\/wp-content\/uploads\/2018\/04\/uniurbspritz_540.mp4.mp4&#8243; background_video_webm=&#8221;https:\/\/eventi.uniurb.it\/spritz\/wp-content\/uploads\/2018\/04\/uniurbspritz_540.webmsd.webm&#8221; custom_padding=&#8221;0|0px|0|0px&#8221;][et_pb_row _builder_version=&#8221;3.0.106&#8243; background_size=&#8221;initial&#8221; background_position=&#8221;top_left&#8221; background_repeat=&#8221;repeat&#8221;][et_pb_column type=&#8221;4_4&#8243; _builder_version=&#8221;3.0.47&#8243; parallax=&#8221;off&#8221; parallax_method=&#8221;on&#8221;][et_pb_image src=&#8221;https:\/\/eventi.uniurb.it\/spritz\/wp-content\/uploads\/2018\/04\/uniurb_spritz_solo3.png&#8221; [&hellip;]","og_url":"https:\/\/eventi.uniurb.it\/spritz\/","og_site_name":"UniurbSpritz","article_modified_time":"2018-09-19T14:59:35+00:00","twitter_card":"summary_large_image","twitter_misc":{"Tempo di lettura stimato":"5 minuti"},"schema":{"@context":"https:\/\/schema.org","@graph":[{"@type":"WebPage","@id":"https:\/\/eventi.uniurb.it\/spritz\/","url":"https:\/\/eventi.uniurb.it\/spritz\/","name":"Home - UniurbSpritz","isPartOf":{"@id":"https:\/\/eventi.uniurb.it\/spritz\/#website"},"datePublished":"2016-05-10T03:48:21+00:00","dateModified":"2018-09-19T14:59:35+00:00","breadcrumb":{"@id":"https:\/\/eventi.uniurb.it\/spritz\/#breadcrumb"},"inLanguage":"it-IT","potentialAction":[{"@type":"ReadAction","target":["https:\/\/eventi.uniurb.it\/spritz\/"]}]},{"@type":"BreadcrumbList","@id":"https:\/\/eventi.uniurb.it\/spritz\/#breadcrumb","itemListElement":[{"@type":"ListItem","position":1,"name":"Home","item":"https:\/\/eventi.uniurb.it\/spritz\/"},{"@type":"ListItem","position":2,"name":"Home"}]},{"@type":"WebSite","@id":"https:\/\/eventi.uniurb.it\/spritz\/#website","url":"https:\/\/eventi.uniurb.it\/spritz\/","name":"UniurbSpritz","description":"Ogni gioved\u00ec sera scienza, cultura, e attualit\u00e0 firmate UniUrb","potentialAction":[{"@type":"SearchAction","target":{"@type":"EntryPoint","urlTemplate":"https:\/\/eventi.uniurb.it\/spritz\/?s={search_term_string}"},"query-input":"required name=search_term_string"}],"inLanguage":"it-IT"}]}},"_links":{"self":[{"href":"https:\/\/eventi.uniurb.it\/spritz\/wp-json\/wp\/v2\/pages\/2","targetHints":{"allow":["GET"]}}],"collection":[{"href":"https:\/\/eventi.uniurb.it\/spritz\/wp-json\/wp\/v2\/pages"}],"about":[{"href":"https:\/\/eventi.uniurb.it\/spritz\/wp-json\/wp\/v2\/types\/page"}],"author":[{"embeddable":true,"href":"https:\/\/eventi.uniurb.it\/spritz\/wp-json\/wp\/v2\/users\/1"}],"replies":[{"embeddable":true,"href":"https:\/\/eventi.uniurb.it\/spritz\/wp-json\/wp\/v2\/comments?post=2"}],"version-history":[{"count":80,"href":"https:\/\/eventi.uniurb.it\/spritz\/wp-json\/wp\/v2\/pages\/2\/revisions"}],"predecessor-version":[{"id":374,"href":"https:\/\/eventi.uniurb.it\/spritz\/wp-json\/wp\/v2\/pages\/2\/revisions\/374"}],"wp:attachment":[{"href":"https:\/\/eventi.uniurb.it\/spritz\/wp-json\/wp\/v2\/media?parent=2"}],"curies":[{"name":"wp","href":"https:\/\/api.w.org\/{rel}","templated":true}]}}