{"id":255788,"date":"2022-09-09T13:19:35","date_gmt":"2022-09-09T13:19:35","guid":{"rendered":"https:\/\/eventi.uniurb.it\/ismec2023\/?page_id=255788"},"modified":"2023-06-08T07:27:52","modified_gmt":"2023-06-08T07:27:52","slug":"committees","status":"publish","type":"page","link":"https:\/\/eventi.uniurb.it\/ismec2023\/committees\/","title":{"rendered":"Committees"},"content":{"rendered":"<h3>International Scientific Commitee<\/h3>\n<p><strong>Montserrat L\u00f3pez Mesas<\/strong><br \/>\nUniversitat Aut\u00f2noma de Barcelona, Spain<br \/>\nPresident of ISMEC Group<\/p>\n<p><strong>Demetrio Milea<\/strong><br \/>\nUniversit\u00e0 degli Studi di Messina, Italy<br \/>\nFormer President of ISMEC Group<\/p>\n<p><strong>Enrique Garc\u00eda-Espa\u00f1a<\/strong><br \/>\nUniversidad de Valencia, Spain.<br \/>\nChair of ISMEC 2022<\/p>\n<p><strong>Sofia Gama<\/strong><br \/>\nUniversidade\u00a0 de Lisboa, Portugal<br \/>\nChair of ISMEC 2021<\/p>\n<p><strong>Katalin V\u00e1rnagy<\/strong><br \/>\nUniversity of Debrecen, Hungary<br \/>\nChair of ISMEC 2019<\/p>\n<p><strong>Vieri Fusi<\/strong><br \/>\nUniversit\u00e0 degli Studi di Urbino &#8220;Carlo Bo&#8221;, Italy<br \/>\nChair of ISMEC 2023<\/p>\n<p><strong>Maria Rosa Beccia<\/strong><br \/>\nUniversit\u00e9 C\u00f4t\u00e9 d&#8217;Azur, France<br \/>\nChair of ISMEC 2024<\/p>\n<p><strong>Natalia Busto<\/strong><br \/>\nUniversidad de Burgos, Spain<\/p>\n<p><strong>Antonio Bianchi<\/strong><br \/>\nUniversit\u00e0 degli Studi di Firenze, Italy<\/p>\n<p><strong>Elzbieta Gumienna<\/strong><br \/>\nUniwersytet Wroc\u0142awski, Poland<\/p>\n<hr \/>\n<h3>Local Organizing Committee<\/h3>\n<p><strong>Vieri Fusi<\/strong><br \/>\nUniversit\u00e0 degli Studi di Urbino &#8220;Carlo Bo&#8221;, Italy<br \/>\nChair of ISMEC 2023<\/p>\n<p><strong>Mauro Formica<\/strong><br \/>\nUniversit\u00e0 degli Studi di Urbino &#8220;Carlo Bo&#8221;, Italy<br \/>\nCo-Chair of ISMEC 2023<\/p>\n<p><strong>Luca Giorgi<\/strong><br \/>\nUniversit\u00e0 degli Studi di Urbino &#8220;Carlo Bo&#8221;, Italy<br \/>\nCo-Chair of ISMEC 2023<\/p>\n<p><strong>Eleonora Macedi<\/strong><br \/>\nUniversit\u00e0 degli Studi di Urbino &#8220;Carlo Bo&#8221;, Italy<\/p>\n<p><strong>Riccardo Montis<\/strong><br \/>\nUniversit\u00e0 degli Studi di Urbino &#8220;Carlo Bo&#8221;, Italy<\/p>\n<p><strong>Daniele Paderni<\/strong><br \/>\nUniversit\u00e0 degli Studi di Urbino &#8220;Carlo Bo&#8221;, Italy<\/p>\n<p><strong>Gianluca Ambrosi<\/strong><br \/>\nUniversit\u00e0 degli Studi di Urbino &#8220;Carlo Bo&#8221;, Italy<\/p>\n<p><strong>Anna Rita Pierleoni<\/strong><br \/>\nUniversit\u00e0 degli Studi di Urbino &#8220;Carlo Bo&#8221;, Italy<\/p>\n<p><strong>Luca Mancini<\/strong><br \/>\nUniversit\u00e0 degli Studi di Urbino &#8220;Carlo Bo&#8221;, Italy<\/p>\n<p><strong>Roberto Giacomantonio<\/strong><br \/>\nUniversit\u00e0 degli Studi di Urbino &#8220;Carlo Bo&#8221;, Italy<\/p>\n<p><strong>Erika Palazzetti<\/strong><br \/>\nUniversit\u00e0 degli Studi di Urbino &#8220;Carlo Bo&#8221;, Italy<\/p>\n<p><strong>Daniele Lopez<\/strong><br \/>\nUniversit\u00e0 degli Studi di Urbino &#8220;Carlo Bo&#8221;, Italy<\/p>\n<p>&nbsp;<\/p>\n<p>&nbsp;<\/p>\n<p><a href=\"https:\/\/twitter.com\/ISMEC2023\" target=\"_blank\" rel=\"noopener\"><img decoding=\"async\" loading=\"lazy\" class=\"alignnone wp-image-256189\" src=\"https:\/\/eventi.uniurb.it\/ismec2023\/wp-content\/uploads\/2023\/04\/uccello-decorato.png\" alt=\"\" width=\"130\" height=\"32\" \/><\/a>\u00a0 <a href=\"https:\/\/www.instagram.com\/ismec2023\/\"><img decoding=\"async\" loading=\"lazy\" class=\"alignnone wp-image-256190\" src=\"https:\/\/eventi.uniurb.it\/ismec2023\/wp-content\/uploads\/2023\/04\/instagram-social.png\" alt=\"\" width=\"123\" height=\"31\" \/><\/a><\/p>\n","protected":false},"excerpt":{"rendered":"<p>International Scientific Commitee Montserrat L\u00f3pez Mesas Universitat Aut\u00f2noma de Barcelona, Spain President of ISMEC Group Demetrio Milea Universit\u00e0 degli Studi di Messina, Italy Former President of ISMEC Group Enrique Garc\u00eda-Espa\u00f1a Universidad de Valencia, Spain. Chair of ISMEC 2022 Sofia Gama Universidade\u00a0 de Lisboa, Portugal Chair of ISMEC 2021 Katalin V\u00e1rnagy University of Debrecen, Hungary Chair [&hellip;]<\/p>\n","protected":false},"author":1,"featured_media":0,"parent":0,"menu_order":100,"comment_status":"closed","ping_status":"closed","template":"","meta":{"_et_pb_use_builder":"off","_et_pb_old_content":"","_et_gb_content_width":""},"yoast_head":"<!-- This site is optimized with the Yoast SEO plugin v20.12 - https:\/\/yoast.com\/wordpress\/plugins\/seo\/ -->\n<title>Committees - ISMEC 2023 \u2014 International Symposium on Metal Complexes<\/title>\n<meta name=\"robots\" content=\"index, follow, max-snippet:-1, max-image-preview:large, max-video-preview:-1\" \/>\n<link rel=\"canonical\" href=\"https:\/\/eventi.uniurb.it\/ismec2023\/committees\/\" \/>\n<meta property=\"og:locale\" content=\"it_IT\" \/>\n<meta property=\"og:type\" content=\"article\" \/>\n<meta property=\"og:title\" content=\"Committees - ISMEC 2023 \u2014 International Symposium on Metal Complexes\" \/>\n<meta property=\"og:description\" content=\"International Scientific Commitee Montserrat L\u00f3pez Mesas Universitat Aut\u00f2noma de Barcelona, Spain President of ISMEC Group Demetrio Milea Universit\u00e0 degli Studi di Messina, Italy Former President of ISMEC Group Enrique Garc\u00eda-Espa\u00f1a Universidad de Valencia, Spain. Chair of ISMEC 2022 Sofia Gama Universidade\u00a0 de Lisboa, Portugal Chair of ISMEC 2021 Katalin V\u00e1rnagy University of Debrecen, Hungary Chair [&hellip;]\" \/>\n<meta property=\"og:url\" content=\"https:\/\/eventi.uniurb.it\/ismec2023\/committees\/\" \/>\n<meta property=\"og:site_name\" content=\"ISMEC 2023 \u2014 International Symposium on Metal Complexes\" \/>\n<meta property=\"article:modified_time\" content=\"2023-06-08T07:27:52+00:00\" \/>\n<meta property=\"og:image\" content=\"https:\/\/eventi.uniurb.it\/ismec2023\/wp-content\/uploads\/2023\/04\/uccello-decorato.png\" \/>\n<meta name=\"twitter:card\" content=\"summary_large_image\" \/>\n<meta name=\"twitter:label1\" content=\"Tempo di lettura stimato\" \/>\n\t<meta name=\"twitter:data1\" content=\"2 minuti\" \/>\n<script type=\"application\/ld+json\" class=\"yoast-schema-graph\">{\"@context\":\"https:\/\/schema.org\",\"@graph\":[{\"@type\":\"WebPage\",\"@id\":\"https:\/\/eventi.uniurb.it\/ismec2023\/committees\/\",\"url\":\"https:\/\/eventi.uniurb.it\/ismec2023\/committees\/\",\"name\":\"Committees - ISMEC 2023 \u2014 International Symposium on Metal Complexes\",\"isPartOf\":{\"@id\":\"https:\/\/eventi.uniurb.it\/ismec2023\/#website\"},\"datePublished\":\"2022-09-09T13:19:35+00:00\",\"dateModified\":\"2023-06-08T07:27:52+00:00\",\"breadcrumb\":{\"@id\":\"https:\/\/eventi.uniurb.it\/ismec2023\/committees\/#breadcrumb\"},\"inLanguage\":\"it-IT\",\"potentialAction\":[{\"@type\":\"ReadAction\",\"target\":[\"https:\/\/eventi.uniurb.it\/ismec2023\/committees\/\"]}]},{\"@type\":\"BreadcrumbList\",\"@id\":\"https:\/\/eventi.uniurb.it\/ismec2023\/committees\/#breadcrumb\",\"itemListElement\":[{\"@type\":\"ListItem\",\"position\":1,\"name\":\"Home\",\"item\":\"https:\/\/eventi.uniurb.it\/ismec2023\/\"},{\"@type\":\"ListItem\",\"position\":2,\"name\":\"Committees\"}]},{\"@type\":\"WebSite\",\"@id\":\"https:\/\/eventi.uniurb.it\/ismec2023\/#website\",\"url\":\"https:\/\/eventi.uniurb.it\/ismec2023\/\",\"name\":\"ISMEC 2023 \u2014 International Symposium on Metal Complexes\",\"description\":\"Scientific advances in the thermodynamics and the kinetics of complexes in the fields of Analytical, Biomedical, Environmental, Inorganic and Physical Chemistry\",\"potentialAction\":[{\"@type\":\"SearchAction\",\"target\":{\"@type\":\"EntryPoint\",\"urlTemplate\":\"https:\/\/eventi.uniurb.it\/ismec2023\/?s={search_term_string}\"},\"query-input\":\"required name=search_term_string\"}],\"inLanguage\":\"it-IT\"}]}<\/script>\n<!-- \/ Yoast SEO plugin. -->","yoast_head_json":{"title":"Committees - ISMEC 2023 \u2014 International Symposium on Metal Complexes","robots":{"index":"index","follow":"follow","max-snippet":"max-snippet:-1","max-image-preview":"max-image-preview:large","max-video-preview":"max-video-preview:-1"},"canonical":"https:\/\/eventi.uniurb.it\/ismec2023\/committees\/","og_locale":"it_IT","og_type":"article","og_title":"Committees - ISMEC 2023 \u2014 International Symposium on Metal Complexes","og_description":"International Scientific Commitee Montserrat L\u00f3pez Mesas Universitat Aut\u00f2noma de Barcelona, Spain President of ISMEC Group Demetrio Milea Universit\u00e0 degli Studi di Messina, Italy Former President of ISMEC Group Enrique Garc\u00eda-Espa\u00f1a Universidad de Valencia, Spain. Chair of ISMEC 2022 Sofia Gama Universidade\u00a0 de Lisboa, Portugal Chair of ISMEC 2021 Katalin V\u00e1rnagy University of Debrecen, Hungary Chair [&hellip;]","og_url":"https:\/\/eventi.uniurb.it\/ismec2023\/committees\/","og_site_name":"ISMEC 2023 \u2014 International Symposium on Metal Complexes","article_modified_time":"2023-06-08T07:27:52+00:00","og_image":[{"url":"https:\/\/eventi.uniurb.it\/ismec2023\/wp-content\/uploads\/2023\/04\/uccello-decorato.png"}],"twitter_card":"summary_large_image","twitter_misc":{"Tempo di lettura stimato":"2 minuti"},"schema":{"@context":"https:\/\/schema.org","@graph":[{"@type":"WebPage","@id":"https:\/\/eventi.uniurb.it\/ismec2023\/committees\/","url":"https:\/\/eventi.uniurb.it\/ismec2023\/committees\/","name":"Committees - ISMEC 2023 \u2014 International Symposium on Metal Complexes","isPartOf":{"@id":"https:\/\/eventi.uniurb.it\/ismec2023\/#website"},"datePublished":"2022-09-09T13:19:35+00:00","dateModified":"2023-06-08T07:27:52+00:00","breadcrumb":{"@id":"https:\/\/eventi.uniurb.it\/ismec2023\/committees\/#breadcrumb"},"inLanguage":"it-IT","potentialAction":[{"@type":"ReadAction","target":["https:\/\/eventi.uniurb.it\/ismec2023\/committees\/"]}]},{"@type":"BreadcrumbList","@id":"https:\/\/eventi.uniurb.it\/ismec2023\/committees\/#breadcrumb","itemListElement":[{"@type":"ListItem","position":1,"name":"Home","item":"https:\/\/eventi.uniurb.it\/ismec2023\/"},{"@type":"ListItem","position":2,"name":"Committees"}]},{"@type":"WebSite","@id":"https:\/\/eventi.uniurb.it\/ismec2023\/#website","url":"https:\/\/eventi.uniurb.it\/ismec2023\/","name":"ISMEC 2023 \u2014 International Symposium on Metal Complexes","description":"Scientific advances in the thermodynamics and the kinetics of complexes in the fields of Analytical, Biomedical, Environmental, Inorganic and Physical Chemistry","potentialAction":[{"@type":"SearchAction","target":{"@type":"EntryPoint","urlTemplate":"https:\/\/eventi.uniurb.it\/ismec2023\/?s={search_term_string}"},"query-input":"required name=search_term_string"}],"inLanguage":"it-IT"}]}},"_links":{"self":[{"href":"https:\/\/eventi.uniurb.it\/ismec2023\/wp-json\/wp\/v2\/pages\/255788"}],"collection":[{"href":"https:\/\/eventi.uniurb.it\/ismec2023\/wp-json\/wp\/v2\/pages"}],"about":[{"href":"https:\/\/eventi.uniurb.it\/ismec2023\/wp-json\/wp\/v2\/types\/page"}],"author":[{"embeddable":true,"href":"https:\/\/eventi.uniurb.it\/ismec2023\/wp-json\/wp\/v2\/users\/1"}],"replies":[{"embeddable":true,"href":"https:\/\/eventi.uniurb.it\/ismec2023\/wp-json\/wp\/v2\/comments?post=255788"}],"version-history":[{"count":18,"href":"https:\/\/eventi.uniurb.it\/ismec2023\/wp-json\/wp\/v2\/pages\/255788\/revisions"}],"predecessor-version":[{"id":256231,"href":"https:\/\/eventi.uniurb.it\/ismec2023\/wp-json\/wp\/v2\/pages\/255788\/revisions\/256231"}],"wp:attachment":[{"href":"https:\/\/eventi.uniurb.it\/ismec2023\/wp-json\/wp\/v2\/media?parent=255788"}],"curies":[{"name":"wp","href":"https:\/\/api.w.org\/{rel}","templated":true}]}}